{"id":956,"date":"2022-04-22T21:41:51","date_gmt":"2022-04-22T21:41:51","guid":{"rendered":"https:\/\/www.frenchtechberlin.com\/lequipe\/"},"modified":"2024-12-01T21:01:35","modified_gmt":"2024-12-01T21:01:35","slug":"lequipe","status":"publish","type":"page","link":"https:\/\/www.frenchtechberlin.com\/fr\/lequipe\/","title":{"rendered":"L&#8217;\u00e9quipe"},"content":{"rendered":"<p><strong>Co-pr\u00e9sidents<\/strong><br \/>\n&#8211; <a href=\"https:\/\/www.linkedin.com\/in\/gunnargraef\/\">Gunnar GRAEF<\/a> Fondateur <a href=\"https:\/\/www.deutsche-ventures.com\/\">Deutsche Ventures<\/a><br \/>\n&#8211; <a href=\"https:\/\/www.linkedin.com\/in\/marie-avril-roux-avocat-anwalt-ip-it\/\">Marie-Avril ROUX STEINKUEHLER<\/a> Fondatrice <a href=\"https:\/\/www.mars-ip.eu\/\">Mars IP<\/a><\/p>\n<p><strong>Community Lead<br \/>\n<\/strong>&#8211; <a href=\"https:\/\/www.linkedin.com\/in\/andrepitie\/\">Andr\u00e9 PITIE<\/a> Fondateur <a href=\"https:\/\/www.cartalyse.com\">Cartalyse<\/a><strong><br \/>\n<\/strong><\/p>\n<p><strong>Membres du Board<br \/>\n<\/strong>&#8211; <a href=\"https:\/\/www.linkedin.com\/in\/alexandrabegue\/\">Alexandra BEGUE<\/a> Intrapreneuriat Strat\u00e9gie de l&#8217;\u00e9cosyst\u00e8me <a href=\"https:\/\/sap.io\/\">SAP.iO<\/a><br \/>\n&#8211; <a href=\"https:\/\/www.linkedin.com\/in\/aliciacombaz\/\">Alicia Combaz<\/a>, PDG et cofondatrice <a href=\"https:\/\/www.make.org\">Make.org<\/a><strong><br \/>\n<\/strong>&#8211; <a href=\"https:\/\/www.linkedin.com\/in\/shiraz-mahfoudhi\/\">Shiraz MAHFOUDHI<\/a> Chef de cabinet <a href=\"https:\/\/www.linkedin.com\/company\/hotjar\/\">Hotjar<\/a><br \/>\n&#8211; <a href=\"https:\/\/www.linkedin.com\/in\/emmanuel-thomassin-23b5672\/\">Emmanuel THOMASSIN<\/a> CFO <a href=\"https:\/\/wise.com\/\">Wise<\/a><br \/>\n&#8211; <a href=\"https:\/\/www.linkedin.com\/in\/emilie-vallauri-78b06b105\/\">Emilie VALLAURI<\/a>\u00a0Responsable du programme Catalyst EMEA @ <a href=\"https:\/\/www.techstars.com\/\">Techstars<\/a><\/p>\n<p><strong>Correspondants Institutions<br \/>\n<\/strong>&#8211; <a href=\"https:\/\/www.linkedin.com\/in\/mathilde-flamant-10301118a\/\">Mathilde FLAMANT<\/a>, Service Economique R\u00e9gional, <a href=\"https:\/\/de.ambafrance.org\/\">Ambassade de France en Allemagne<\/a><br \/>\n&#8211; <a href=\"https:\/\/www.linkedin.com\/in\/friedemannlotz\/\">Friedemann LOTZ<\/a> Manager ICT, <a href=\"https:\/\/www.berlin-partner.de\/en\">Berlin Partner<\/a><\/p>\n<p><strong>Volontaires<br \/>\n<\/strong>&#8211; <a href=\"https:\/\/www.linkedin.com\/in\/thierry-baujard-115220\/\">Thierry BAUJARD<\/a> Co-fondateur <a href=\"https:\/\/spielfabrique.eu\/\">Spielfabrique<\/a><br \/>\n&#8211; <a href=\"https:\/\/www.linkedin.com\/in\/anne-chrystelle-b%C3%A4tz-37339628\/\">Anne-Chrystelle B\u00c4TZ<\/a> Pr\u00e9sidente <a href=\"https:\/\/www.emploi-allemagne.de\/\">Emploi Allemagne<\/a><br \/>\n&#8211; <a href=\"https:\/\/www.linkedin.com\/in\/julie-david\/\">Julie DAVID<\/a>, <span style=\"color: var(--ast-global-color-3); background-color: var(--ast-global-color-5); font-family: -apple-system, BlinkMacSystemFont, 'Segoe UI', Roboto, Oxygen-Sans, Ubuntu, Cantarell, 'Helvetica Neue', sans-serif; font-size: 1rem;\">Head of ATL Marketing <a href=\"https:\/\/www.dcmn.com\/\">DCMN<\/a><br \/>\n<\/span><span style=\"color: var(--ast-global-color-3); font-family: -apple-system, BlinkMacSystemFont, 'Segoe UI', Roboto, Oxygen-Sans, Ubuntu, Cantarell, 'Helvetica Neue', sans-serif; font-size: revert; background-color: var(--ast-global-color-5);\">&#8211; <\/span><a style=\"font-family: -apple-system, BlinkMacSystemFont, 'Segoe UI', Roboto, Oxygen-Sans, Ubuntu, Cantarell, 'Helvetica Neue', sans-serif; font-size: revert; background-color: var(--ast-global-color-5);\" href=\"https:\/\/www.linkedin.com\/in\/ulischmitz\/\">Uli SCHMITZ<\/a><span style=\"color: var(--ast-global-color-3); font-family: -apple-system, BlinkMacSystemFont, 'Segoe UI', Roboto, Oxygen-Sans, Ubuntu, Cantarell, 'Helvetica Neue', sans-serif; font-size: revert; background-color: var(--ast-global-color-5);\"> PDG <\/span><a style=\"font-family: -apple-system, BlinkMacSystemFont, 'Segoe UI', Roboto, Oxygen-Sans, Ubuntu, Cantarell, 'Helvetica Neue', sans-serif; font-size: revert; background-color: var(--ast-global-color-5);\" href=\"https:\/\/www.axelspringerdigitalventures.com\/\">Axel Springer Digital Ventures<\/a><br \/>\n<span style=\"font-size: revert; color: var(--ast-global-color-3); background-color: var(--ast-global-color-5); font-family: -apple-system, BlinkMacSystemFont, 'Segoe UI', Roboto, Oxygen-Sans, Ubuntu, Cantarell, 'Helvetica Neue', sans-serif;\">&#8211; <\/span><a style=\"font-size: revert; background-color: var(--ast-global-color-5); font-family: -apple-system, BlinkMacSystemFont, 'Segoe UI', Roboto, Oxygen-Sans, Ubuntu, Cantarell, 'Helvetica Neue', sans-serif;\" href=\"https:\/\/www.linkedin.com\/in\/raphael-thomas-lawyer\/\">Raphael THOMAS<\/a><span style=\"font-size: revert; color: var(--ast-global-color-3); background-color: var(--ast-global-color-5); font-family: -apple-system, BlinkMacSystemFont, 'Segoe UI', Roboto, Oxygen-Sans, Ubuntu, Cantarell, 'Helvetica Neue', sans-serif;\"> Fondateur <\/span><a style=\"font-size: revert; background-color: var(--ast-global-color-5); font-family: -apple-system, BlinkMacSystemFont, 'Segoe UI', Roboto, Oxygen-Sans, Ubuntu, Cantarell, 'Helvetica Neue', sans-serif;\" href=\"https:\/\/startup-lawyers.de\/\">Startup-Lawyers.de<\/a><\/p>\n","protected":false},"excerpt":{"rendered":"<p>Co-pr\u00e9sidents &#8211; Gunnar GRAEF Fondateur Deutsche Ventures &#8211; Marie-Avril ROUX STEINKUEHLER Fondatrice Mars IP Community Lead &#8211; Andr\u00e9 PITIE Fondateur Cartalyse Membres du Board &#8211; Alexandra BEGUE Intrapreneuriat Strat\u00e9gie de l&#8217;\u00e9cosyst\u00e8me SAP.iO &#8211; Alicia Combaz, PDG et cofondatrice Make.org &#8211; Shiraz MAHFOUDHI Chef de cabinet Hotjar &#8211; Emmanuel THOMASSIN CFO Wise &#8211; Emilie VALLAURI\u00a0Responsable du [&hellip;]<\/p>\n","protected":false},"author":1,"featured_media":957,"parent":0,"menu_order":0,"comment_status":"closed","ping_status":"closed","template":"","meta":{"_uag_custom_page_level_css":"","site-sidebar-layout":"default","site-content-layout":"","ast-site-content-layout":"","site-content-style":"default","site-sidebar-style":"default","ast-global-header-display":"","ast-banner-title-visibility":"","ast-main-header-display":"","ast-hfb-above-header-display":"","ast-hfb-below-header-display":"","ast-hfb-mobile-header-display":"","site-post-title":"","ast-breadcrumbs-content":"","ast-featured-img":"","footer-sml-layout":"","theme-transparent-header-meta":"","adv-header-id-meta":"","stick-header-meta":"","header-above-stick-meta":"","header-main-stick-meta":"","header-below-stick-meta":"","astra-migrate-meta-layouts":"default","ast-page-background-enabled":"default","ast-page-background-meta":{"desktop":{"background-color":"var(--ast-global-color-4)","background-image":"","background-repeat":"repeat","background-position":"center center","background-size":"auto","background-attachment":"scroll","background-type":"","background-media":"","overlay-type":"","overlay-color":"","overlay-gradient":""},"tablet":{"background-color":"","background-image":"","background-repeat":"repeat","background-position":"center center","background-size":"auto","background-attachment":"scroll","background-type":"","background-media":"","overlay-type":"","overlay-color":"","overlay-gradient":""},"mobile":{"background-color":"","background-image":"","background-repeat":"repeat","background-position":"center center","background-size":"auto","background-attachment":"scroll","background-type":"","background-media":"","overlay-type":"","overlay-color":"","overlay-gradient":""}},"ast-content-background-meta":{"desktop":{"background-color":"var(--ast-global-color-5)","background-image":"","background-repeat":"repeat","background-position":"center center","background-size":"auto","background-attachment":"scroll","background-type":"","background-media":"","overlay-type":"","overlay-color":"","overlay-gradient":""},"tablet":{"background-color":"var(--ast-global-color-5)","background-image":"","background-repeat":"repeat","background-position":"center center","background-size":"auto","background-attachment":"scroll","background-type":"","background-media":"","overlay-type":"","overlay-color":"","overlay-gradient":""},"mobile":{"background-color":"var(--ast-global-color-5)","background-image":"","background-repeat":"repeat","background-position":"center center","background-size":"auto","background-attachment":"scroll","background-type":"","background-media":"","overlay-type":"","overlay-color":"","overlay-gradient":""}},"footnotes":""},"class_list":["post-956","page","type-page","status-publish","has-post-thumbnail","hentry"],"uagb_featured_image_src":{"full":false,"thumbnail":false,"medium":false,"medium_large":false,"large":false,"1536x1536":false,"2048x2048":false},"uagb_author_info":{"display_name":"admin","author_link":"https:\/\/www.frenchtechberlin.com\/fr\/author\/admin\/"},"uagb_comment_info":0,"uagb_excerpt":"Co-pr\u00e9sidents &#8211; Gunnar GRAEF Fondateur Deutsche Ventures &#8211; Marie-Avril ROUX STEINKUEHLER Fondatrice Mars IP Community Lead &#8211; Andr\u00e9 PITIE Fondateur Cartalyse Membres du Board &#8211; Alexandra BEGUE Intrapreneuriat Strat\u00e9gie de l&#8217;\u00e9cosyst\u00e8me SAP.iO &#8211; Alicia Combaz, PDG et cofondatrice Make.org &#8211; Shiraz MAHFOUDHI Chef de cabinet Hotjar &#8211; Emmanuel THOMASSIN CFO Wise &#8211; Emilie VALLAURI\u00a0Responsable du\u2026","_links":{"self":[{"href":"https:\/\/www.frenchtechberlin.com\/fr\/wp-json\/wp\/v2\/pages\/956","targetHints":{"allow":["GET"]}}],"collection":[{"href":"https:\/\/www.frenchtechberlin.com\/fr\/wp-json\/wp\/v2\/pages"}],"about":[{"href":"https:\/\/www.frenchtechberlin.com\/fr\/wp-json\/wp\/v2\/types\/page"}],"author":[{"embeddable":true,"href":"https:\/\/www.frenchtechberlin.com\/fr\/wp-json\/wp\/v2\/users\/1"}],"replies":[{"embeddable":true,"href":"https:\/\/www.frenchtechberlin.com\/fr\/wp-json\/wp\/v2\/comments?post=956"}],"version-history":[{"count":13,"href":"https:\/\/www.frenchtechberlin.com\/fr\/wp-json\/wp\/v2\/pages\/956\/revisions"}],"predecessor-version":[{"id":5962,"href":"https:\/\/www.frenchtechberlin.com\/fr\/wp-json\/wp\/v2\/pages\/956\/revisions\/5962"}],"wp:featuredmedia":[{"embeddable":true,"href":"https:\/\/www.frenchtechberlin.com\/fr\/wp-json\/wp\/v2\/pages\/957"}],"wp:attachment":[{"href":"https:\/\/www.frenchtechberlin.com\/fr\/wp-json\/wp\/v2\/media?parent=956"}],"curies":[{"name":"wp","href":"https:\/\/api.w.org\/{rel}","templated":true}]}}