{"id":955,"date":"2022-04-22T21:11:30","date_gmt":"2022-04-22T21:11:30","guid":{"rendered":"https:\/\/www.frenchtechberlin.com\/devenir-sponsor\/"},"modified":"2026-05-11T16:58:13","modified_gmt":"2026-05-11T16:58:13","slug":"devenir-sponsor","status":"publish","type":"page","link":"https:\/\/www.frenchtechberlin.com\/fr\/devenir-sponsor\/","title":{"rendered":"Devenir sponsor"},"content":{"rendered":"<p>Vous n&#8217;\u00eates pas membre ? <a href=\"https:\/\/www.frenchtechberlin.com\/fr\/devenir-membre-de-french-tech-berlin\/\">Inscrivez-vous ici gratuitement<\/a>.<\/p>\n<p>Devenez un sponsor pour nous aider \u00e0 organiser des \u00e9v\u00e9nements :<\/p>\n<ul>\n<li>d\u00e9jeuners-conf\u00e9rences en ligne<\/li>\n<li>des \u00e9v\u00e9nements de mise en r\u00e9seau (petit-d\u00e9jeuner, afterwork, d\u00eener)<\/li>\n<li>interviews (vid\u00e9o, audio, texte)<\/li>\n<\/ul>\n<p>Parrainer la French Tech Berlin pendant 1 an :<\/p>\n<ul>\n<li>\u00e0 titre individuel : 24 \u20ac TVA incluse<\/li>\n<li>en tant que startup : \u20ac500 + TVA<\/li>\n<li>en tant qu&#8217;entreprise : 6 000 \u20ac + TVA<\/li>\n<\/ul>\n<p>Les dons ne remplissent pas les conditions requises pour l&#8217;obtention d&#8217;une attestation de don : votre parrainage est donc enti\u00e8rement tax\u00e9 en tant que revenu d&#8217;entreprise.<\/p>\n<p>Nous acceptons les paiements par virement bancaire.<br \/>\nEnvoyez un message \u00e0 <a href=\"mailto:contact@frenchtechberlin.com\">contact@frenchtechberlin.com<\/a> pour recevoir une facture et obtenir nos donn\u00e9es IBAN pour le paiement. Veuillez indiquer l&#8217;adresse de votre entreprise et votre num\u00e9ro de TVA.<\/p>\n<p>Vous \u00eates \u00e0 la recherche d&#8217;un partenaire commercial, d&#8217;un emploi, de nouveaux employ\u00e9s, ou vous souhaitez simplement entrer en contact avec des personnes travaillant dans l&#8217;\u00e9cosyst\u00e8me technologique berlinois ? <a href=\"https:\/\/frenchtechberlin.ghost.io\/contact\/\">N&#8217; h\u00e9sitez pas \u00e0 nous contacter<\/a>!<\/p>\n<p>Vous pouvez nous suivre et nous rejoindre sur les plateformes de m\u00e9dias sociaux suivantes :<br \/>\n&#8211; <a href=\"https:\/\/www.facebook.com\/frenchtechberlin\/\">Facebook<\/a><br \/>\n&#8211; <a href=\"https:\/\/www.linkedin.com\/company\/french-tech-berlin\">LinkedIn<\/a><br \/>\n&#8211; <a href=\"https:\/\/mobile.twitter.com\/frenchtechbrln\">Twitter<\/a><\/p>\n<p>Si vous \u00eates situ\u00e9 \u00e0 Berlin et que vous souhaitez contribuer \u00e0 notre communaut\u00e9, nous sommes heureux d&#8217;accueillir de nouveaux membres actifs d\u00e9sireux d&#8217;aider notre organisation.<\/p>\n","protected":false},"excerpt":{"rendered":"<p>Vous n&#8217;\u00eates pas membre ? Inscrivez-vous ici gratuitement. Devenez un sponsor pour nous aider \u00e0 organiser des \u00e9v\u00e9nements : d\u00e9jeuners-conf\u00e9rences en ligne des \u00e9v\u00e9nements de mise en r\u00e9seau (petit-d\u00e9jeuner, afterwork, d\u00eener) interviews (vid\u00e9o, audio, texte) Parrainer la French Tech Berlin pendant 1 an : \u00e0 titre individuel : 24 \u20ac TVA incluse en tant que [&hellip;]<\/p>\n","protected":false},"author":1,"featured_media":952,"parent":0,"menu_order":0,"comment_status":"closed","ping_status":"closed","template":"","meta":{"_uag_custom_page_level_css":"","site-sidebar-layout":"default","site-content-layout":"","ast-site-content-layout":"","site-content-style":"default","site-sidebar-style":"default","ast-global-header-display":"","ast-banner-title-visibility":"","ast-main-header-display":"","ast-hfb-above-header-display":"","ast-hfb-below-header-display":"","ast-hfb-mobile-header-display":"","site-post-title":"","ast-breadcrumbs-content":"","ast-featured-img":"","footer-sml-layout":"","theme-transparent-header-meta":"","adv-header-id-meta":"","stick-header-meta":"","header-above-stick-meta":"","header-main-stick-meta":"","header-below-stick-meta":"","astra-migrate-meta-layouts":"default","ast-page-background-enabled":"default","ast-page-background-meta":{"desktop":{"background-color":"var(--ast-global-color-4)","background-image":"","background-repeat":"repeat","background-position":"center center","background-size":"auto","background-attachment":"scroll","background-type":"","background-media":"","overlay-type":"","overlay-color":"","overlay-gradient":""},"tablet":{"background-color":"","background-image":"","background-repeat":"repeat","background-position":"center center","background-size":"auto","background-attachment":"scroll","background-type":"","background-media":"","overlay-type":"","overlay-color":"","overlay-gradient":""},"mobile":{"background-color":"","background-image":"","background-repeat":"repeat","background-position":"center center","background-size":"auto","background-attachment":"scroll","background-type":"","background-media":"","overlay-type":"","overlay-color":"","overlay-gradient":""}},"ast-content-background-meta":{"desktop":{"background-color":"var(--ast-global-color-5)","background-image":"","background-repeat":"repeat","background-position":"center center","background-size":"auto","background-attachment":"scroll","background-type":"","background-media":"","overlay-type":"","overlay-color":"","overlay-gradient":""},"tablet":{"background-color":"var(--ast-global-color-5)","background-image":"","background-repeat":"repeat","background-position":"center center","background-size":"auto","background-attachment":"scroll","background-type":"","background-media":"","overlay-type":"","overlay-color":"","overlay-gradient":""},"mobile":{"background-color":"var(--ast-global-color-5)","background-image":"","background-repeat":"repeat","background-position":"center center","background-size":"auto","background-attachment":"scroll","background-type":"","background-media":"","overlay-type":"","overlay-color":"","overlay-gradient":""}},"footnotes":""},"class_list":["post-955","page","type-page","status-publish","has-post-thumbnail","hentry"],"uagb_featured_image_src":{"full":false,"thumbnail":false,"medium":false,"medium_large":false,"large":false,"1536x1536":false,"2048x2048":false},"uagb_author_info":{"display_name":"admin","author_link":"https:\/\/www.frenchtechberlin.com\/fr\/author\/admin\/"},"uagb_comment_info":0,"uagb_excerpt":"Vous n&#8217;\u00eates pas membre ? Inscrivez-vous ici gratuitement. Devenez un sponsor pour nous aider \u00e0 organiser des \u00e9v\u00e9nements : d\u00e9jeuners-conf\u00e9rences en ligne des \u00e9v\u00e9nements de mise en r\u00e9seau (petit-d\u00e9jeuner, afterwork, d\u00eener) interviews (vid\u00e9o, audio, texte) Parrainer la French Tech Berlin pendant 1 an : \u00e0 titre individuel : 24 \u20ac TVA incluse en tant que\u2026","_links":{"self":[{"href":"https:\/\/www.frenchtechberlin.com\/fr\/wp-json\/wp\/v2\/pages\/955","targetHints":{"allow":["GET"]}}],"collection":[{"href":"https:\/\/www.frenchtechberlin.com\/fr\/wp-json\/wp\/v2\/pages"}],"about":[{"href":"https:\/\/www.frenchtechberlin.com\/fr\/wp-json\/wp\/v2\/types\/page"}],"author":[{"embeddable":true,"href":"https:\/\/www.frenchtechberlin.com\/fr\/wp-json\/wp\/v2\/users\/1"}],"replies":[{"embeddable":true,"href":"https:\/\/www.frenchtechberlin.com\/fr\/wp-json\/wp\/v2\/comments?post=955"}],"version-history":[{"count":1,"href":"https:\/\/www.frenchtechberlin.com\/fr\/wp-json\/wp\/v2\/pages\/955\/revisions"}],"predecessor-version":[{"id":7969,"href":"https:\/\/www.frenchtechberlin.com\/fr\/wp-json\/wp\/v2\/pages\/955\/revisions\/7969"}],"wp:featuredmedia":[{"embeddable":true,"href":"https:\/\/www.frenchtechberlin.com\/fr\/wp-json\/wp\/v2\/pages\/952"}],"wp:attachment":[{"href":"https:\/\/www.frenchtechberlin.com\/fr\/wp-json\/wp\/v2\/media?parent=955"}],"curies":[{"name":"wp","href":"https:\/\/api.w.org\/{rel}","templated":true}]}}