{"id":947,"date":"2022-04-22T17:16:23","date_gmt":"2022-04-22T17:16:23","guid":{"rendered":"https:\/\/35.189.69.110\/?page_id=190"},"modified":"2025-07-30T04:47:23","modified_gmt":"2025-07-30T04:47:23","slug":"impressum","status":"publish","type":"page","link":"https:\/\/www.frenchtechberlin.com\/fr\/impressum\/","title":{"rendered":"Impressum"},"content":{"rendered":"<p>French Tech Berlin UG (haftungsbeschr\u00e4nkt)<br \/>\nLietzensee-Haus Lietzenseeufer 7<br \/>\n14057 Berlin<br \/>\nAllemagne<\/p>\n<p>Courriel : contact@frenchtechberlin.com<\/p>\n<p>Pr\u00e9sidents : Prof. Gunnar Gr\u00e4f et Mme Marie-Avril Roux Steink\u00fchler<\/p>\n<p>Registergericht : Amtsgericht Charlottenburg<br \/>\nRegisternummer : HRB 231787 B<\/p>\n<p>Responsables du contenu :<br \/>\nM. Gunnar Gr\u00e4f et Mme Marie-Avril Roux Steink\u00fchler<\/p>\n","protected":false},"excerpt":{"rendered":"<p>French Tech Berlin UG (haftungsbeschr\u00e4nkt) Lietzensee-Haus Lietzenseeufer 7 14057 Berlin Allemagne Courriel : contact@frenchtechberlin.com Pr\u00e9sidents : Prof. Gunnar Gr\u00e4f et Mme Marie-Avril Roux Steink\u00fchler Registergericht : Amtsgericht Charlottenburg Registernummer : HRB 231787 B Responsables du contenu : M. Gunnar Gr\u00e4f et Mme Marie-Avril Roux Steink\u00fchler<\/p>\n","protected":false},"author":1,"featured_media":949,"parent":0,"menu_order":0,"comment_status":"closed","ping_status":"closed","template":"","meta":{"_uag_custom_page_level_css":"","site-sidebar-layout":"default","site-content-layout":"","ast-site-content-layout":"","site-content-style":"default","site-sidebar-style":"default","ast-global-header-display":"","ast-banner-title-visibility":"","ast-main-header-display":"","ast-hfb-above-header-display":"","ast-hfb-below-header-display":"","ast-hfb-mobile-header-display":"","site-post-title":"","ast-breadcrumbs-content":"","ast-featured-img":"","footer-sml-layout":"","theme-transparent-header-meta":"","adv-header-id-meta":"","stick-header-meta":"","header-above-stick-meta":"","header-main-stick-meta":"","header-below-stick-meta":"","astra-migrate-meta-layouts":"default","ast-page-background-enabled":"default","ast-page-background-meta":{"desktop":{"background-color":"var(--ast-global-color-4)","background-image":"","background-repeat":"repeat","background-position":"center center","background-size":"auto","background-attachment":"scroll","background-type":"","background-media":"","overlay-type":"","overlay-color":"","overlay-gradient":""},"tablet":{"background-color":"","background-image":"","background-repeat":"repeat","background-position":"center center","background-size":"auto","background-attachment":"scroll","background-type":"","background-media":"","overlay-type":"","overlay-color":"","overlay-gradient":""},"mobile":{"background-color":"","background-image":"","background-repeat":"repeat","background-position":"center center","background-size":"auto","background-attachment":"scroll","background-type":"","background-media":"","overlay-type":"","overlay-color":"","overlay-gradient":""}},"ast-content-background-meta":{"desktop":{"background-color":"var(--ast-global-color-5)","background-image":"","background-repeat":"repeat","background-position":"center center","background-size":"auto","background-attachment":"scroll","background-type":"","background-media":"","overlay-type":"","overlay-color":"","overlay-gradient":""},"tablet":{"background-color":"var(--ast-global-color-5)","background-image":"","background-repeat":"repeat","background-position":"center center","background-size":"auto","background-attachment":"scroll","background-type":"","background-media":"","overlay-type":"","overlay-color":"","overlay-gradient":""},"mobile":{"background-color":"var(--ast-global-color-5)","background-image":"","background-repeat":"repeat","background-position":"center center","background-size":"auto","background-attachment":"scroll","background-type":"","background-media":"","overlay-type":"","overlay-color":"","overlay-gradient":""}},"footnotes":""},"class_list":["post-947","page","type-page","status-publish","has-post-thumbnail","hentry"],"uagb_featured_image_src":{"full":false,"thumbnail":false,"medium":false,"medium_large":false,"large":false,"1536x1536":false,"2048x2048":false},"uagb_author_info":{"display_name":"admin","author_link":"https:\/\/www.frenchtechberlin.com\/fr\/author\/admin\/"},"uagb_comment_info":0,"uagb_excerpt":"French Tech Berlin UG (haftungsbeschr\u00e4nkt) Lietzensee-Haus Lietzenseeufer 7 14057 Berlin Allemagne Courriel : contact@frenchtechberlin.com Pr\u00e9sidents : Prof. Gunnar Gr\u00e4f et Mme Marie-Avril Roux Steink\u00fchler Registergericht : Amtsgericht Charlottenburg Registernummer : HRB 231787 B Responsables du contenu : M. Gunnar Gr\u00e4f et Mme Marie-Avril Roux Steink\u00fchler","_links":{"self":[{"href":"https:\/\/www.frenchtechberlin.com\/fr\/wp-json\/wp\/v2\/pages\/947","targetHints":{"allow":["GET"]}}],"collection":[{"href":"https:\/\/www.frenchtechberlin.com\/fr\/wp-json\/wp\/v2\/pages"}],"about":[{"href":"https:\/\/www.frenchtechberlin.com\/fr\/wp-json\/wp\/v2\/types\/page"}],"author":[{"embeddable":true,"href":"https:\/\/www.frenchtechberlin.com\/fr\/wp-json\/wp\/v2\/users\/1"}],"replies":[{"embeddable":true,"href":"https:\/\/www.frenchtechberlin.com\/fr\/wp-json\/wp\/v2\/comments?post=947"}],"version-history":[{"count":5,"href":"https:\/\/www.frenchtechberlin.com\/fr\/wp-json\/wp\/v2\/pages\/947\/revisions"}],"predecessor-version":[{"id":7052,"href":"https:\/\/www.frenchtechberlin.com\/fr\/wp-json\/wp\/v2\/pages\/947\/revisions\/7052"}],"wp:featuredmedia":[{"embeddable":true,"href":"https:\/\/www.frenchtechberlin.com\/fr\/wp-json\/wp\/v2\/pages\/949"}],"wp:attachment":[{"href":"https:\/\/www.frenchtechberlin.com\/fr\/wp-json\/wp\/v2\/media?parent=947"}],"curies":[{"name":"wp","href":"https:\/\/api.w.org\/{rel}","templated":true}]}}