{"id":4898,"date":"2023-10-03T07:38:36","date_gmt":"2023-10-03T07:38:36","guid":{"rendered":"https:\/\/www.frenchtechberlin.com\/traveltech-cocktail-itb-2024\/"},"modified":"2026-04-29T11:41:32","modified_gmt":"2026-04-29T11:41:32","slug":"traveltech-cocktail-itb-2024","status":"publish","type":"page","link":"https:\/\/www.frenchtechberlin.com\/fr\/traveltech-cocktail-itb-2024\/","title":{"rendered":"TravelTech Cocktail ITB 2024"},"content":{"rendered":"\n<style>.ast-mobile-svg {\n    fill: white !important;\n}<\/style>\n\n<div class=\"wp-block-uagb-container uagb-block-3a3222cd alignfull uagb-is-root-container\"><div class=\"uagb-container-inner-blocks-wrap\">\n<div class=\"wp-block-uagb-container uagb-block-44f8971f\">\n<div class=\"wp-block-group is-layout-constrained wp-block-group-is-layout-constrained\">\n<div class=\"wp-block-columns is-layout-flex wp-container-core-columns-is-layout-28f84493 wp-block-columns-is-layout-flex\">\n<div class=\"wp-block-column is-vertically-aligned-center is-layout-flow wp-block-column-is-layout-flow\">\n<h1 class=\"wp-block-heading has-text-align-center has-ast-global-color-4-color has-text-color\">TravelTech Cocktail<\/h1>\n\n\n\n<h3 class=\"wp-block-heading has-text-align-center has-ast-global-color-4-color has-text-color\">\u00c9v\u00e9nement lors du Salon International du Tourisme de Berlin ITB<\/h3>\n\n\n\n<h5 class=\"wp-block-heading has-text-align-center has-ast-global-color-4-color has-text-color\">04.03.2024 . 18:30 &#8211; 21:30<\/h5>\n\n\n\n<p class=\"has-text-align-center has-ast-global-color-4-color has-text-color\">Anklamer Stra\u00dfe 33 10115 Berlin Allemagne<\/p>\n\n\n\n<div class=\"wp-block-uagb-buttons uagb-buttons__outer-wrap uagb-btn__default-btn uagb-btn-tablet__default-btn uagb-btn-mobile__default-btn uagb-block-7ab7d724\"><div class=\"uagb-buttons__wrap uagb-buttons-layout-wrap\">\n<div class=\"wp-block-uagb-buttons-child uagb-buttons__outer-wrap uagb-block-2f54d8f8 wp-block-button\"><div class=\"uagb-button__wrapper\"><a class=\"uagb-buttons-repeater wp-block-button__link\" href=\"https:\/\/www.eventbrite.com\/e\/traveltech-cocktail-tickets-822487220417\" onclick=\"return true;\" rel=\"follow noopener\" target=\"_self\"><div class=\"uagb-button__link\">R\u00e9server un ticket<\/div><span class=\"uagb-button__icon uagb-button__icon-position-after\"><svg xmlns=\"https:\/\/www.w3.org\/2000\/svg\" viewbox=\"0 0 448 512\"><path d=\"M438.6 278.6l-160 160C272.4 444.9 264.2 448 256 448s-16.38-3.125-22.62-9.375c-12.5-12.5-12.5-32.75 0-45.25L338.8 288H32C14.33 288 .0016 273.7 .0016 256S14.33 224 32 224h306.8l-105.4-105.4c-12.5-12.5-12.5-32.75 0-45.25s32.75-12.5 45.25 0l160 160C451.1 245.9 451.1 266.1 438.6 278.6z\"><\/path><\/svg><\/span><\/a><\/div><\/div>\n<\/div><\/div>\n\n\n\n<div class=\"wp-block-uagb-image aligncenter uagb-block-7cd28758 wp-block-uagb-image--layout-default wp-block-uagb-image--effect-static wp-block-uagb-image--align-center\"><figure class=\"wp-block-uagb-image__figure\"><img decoding=\"async\" srcset=\"https:\/\/www.frenchtechberlin.com\/wp-content\/uploads\/2024\/02\/traveltech-cocktail-partners-1.png ,https:\/\/www.frenchtechberlin.com\/wp-content\/uploads\/2024\/02\/traveltech-cocktail-partners-1.png 780w, https:\/\/www.frenchtechberlin.com\/wp-content\/uploads\/2024\/02\/traveltech-cocktail-partners-1.png 360w\" sizes=\"auto, (max-width: 480px) 150px\" src=\"https:\/\/www.frenchtechberlin.com\/wp-content\/uploads\/2024\/02\/traveltech-cocktail-partners-1.png\" alt=\"\" class=\"uag-image-4627\" width=\"416\" height=\"90\" title=\"\" loading=\"lazy\"><\/figure><\/div>\n<\/div>\n<\/div>\n<\/div>\n<\/div>\n<\/div><\/div>\n\n<div class=\"wp-block-uagb-container p-xs-0 p-2 uagb-block-f0855955 alignfull uagb-is-root-container\"><div class=\"uagb-container-inner-blocks-wrap\">\n<div class=\"wp-block-uagb-info-box uagb-block-1acbc29d uagb-infobox__content-wrap  uagb-infobox-icon-above-title uagb-infobox-image-valign-top mt-2 mb-0 p-0\"><div class=\"uagb-ifb-content\"><div class=\"uagb-ifb-title-wrap\"><h4 class=\"uagb-ifb-title\">Agenda<\/h4><\/div><div class=\"uagb-ifb-separator\"><\/div><\/div><\/div>\n\n\n\n<div class=\"wp-block-group mt-0 pt-0 is-content-justification-center is-layout-constrained wp-container-core-group-is-layout-f9de3712 wp-block-group-is-layout-constrained\" style=\"border-style:none;border-width:0px;margin-top:0;margin-bottom:0;padding-right:0;padding-left:0\">\n<div class=\"wp-block-group has-ast-global-color-6-background-color has-background is-layout-constrained wp-container-core-group-is-layout-19c400f2 wp-block-group-is-layout-constrained\" style=\"min-height:0px;margin-top:0;margin-bottom:0\">\n<div class=\"wp-block-group is-layout-constrained wp-container-core-group-is-layout-8a511beb wp-block-group-is-layout-constrained\" style=\"margin-top:var(--wp--preset--spacing--50);margin-bottom:var(--wp--preset--spacing--50);padding-top:0;padding-right:0px;padding-bottom:0;padding-left:0px\">\n<h4 class=\"wp-block-heading has-ast-global-color-3-color has-ast-global-color-6-background-color has-text-color has-background has-medium-font-size\" style=\"padding-top:var(--wp--preset--spacing--30);padding-right:var(--wp--preset--spacing--40);padding-bottom:var(--wp--preset--spacing--30);padding-left:var(--wp--preset--spacing--40)\">18:30 Ouverture des portes<\/h4>\n<\/div>\n<\/div>\n\n\n\n<div class=\"wp-block-group has-ast-global-color-6-background-color has-background is-layout-constrained wp-container-core-group-is-layout-19c400f2 wp-block-group-is-layout-constrained\" style=\"min-height:0px;margin-top:0;margin-bottom:0\">\n<div class=\"wp-block-group is-layout-constrained wp-container-core-group-is-layout-9d905408 wp-block-group-is-layout-constrained\" style=\"padding-top:0;padding-right:0px;padding-bottom:0;padding-left:0px\">\n<h4 class=\"wp-block-heading has-ast-global-color-0-color has-text-color has-background has-link-color has-medium-font-size wp-elements-294483d2c37eadde6b58e5e2928526ef\" style=\"background-color:#b8e2ff;padding-top:var(--wp--preset--spacing--30);padding-right:var(--wp--preset--spacing--40);padding-bottom:var(--wp--preset--spacing--30);padding-left:var(--wp--preset--spacing--40)\">19:00 Accueil <\/h4>\n<\/div>\n\n\n\n<div class=\"wp-block-group alignfull align-items-center has-background is-horizontal is-nowrap is-layout-flex wp-container-core-group-is-layout-12c8cd77 wp-block-group-is-layout-flex\" style=\"background-color:#b8e2ff;padding-top:var(--wp--preset--spacing--30);padding-right:var(--wp--preset--spacing--40);padding-bottom:var(--wp--preset--spacing--30);padding-left:var(--wp--preset--spacing--40)\">\n<p class=\"has-background has-medium-font-size wp-container-content-9cfa9a5a\" style=\"background-color:#b8e2ff\">&#8211; <a href=\"https:\/\/www.linkedin.com\/in\/ACoAAAAWtioBdKCi7PBuwPmIO_76NQH0TnwA6F8\">Erwan Corre<\/a>, <a href=\"https:\/\/www.linkedin.com\/company\/worldia\/\">Worlddia<\/a><br\/>&#8211; <a href=\"https:\/\/www.linkedin.com\/in\/ACoAABHBBHoBzjTrCwRgnxLeZk1_gD1wTE7BVnI\">Adeline No\u00ebl-Grautmann<\/a>, <a href=\"https:\/\/www.linkedin.com\/company\/business-france\/\">Business France<\/a><br\/>&#8211; <a href=\"https:\/\/www.linkedin.com\/in\/ACoAACWT9TsB7lbQjRrGsCfpZnNtrpaD4INERGs\">F\u00e9licie J.<\/a>, <a href=\"https:\/\/www.linkedin.com\/company\/bpifrance\/\">Bpifrance<\/a><br\/>&#8211; <a href=\"https:\/\/www.linkedin.com\/in\/ACoAAAOVf5kBTNPgKrZBZPgoEG3fFRPp4TQpkhc\">Marie-Avril Roux Steinkuehler LL.M.<\/a>, <a href=\"https:\/\/www.linkedin.com\/company\/french-tech-berlin\/\">French Tech Berlin<\/a><\/p>\n<\/div>\n<\/div>\n\n\n\n<div class=\"wp-block-group has-ast-global-color-6-background-color has-background is-layout-constrained wp-container-core-group-is-layout-db317931 wp-block-group-is-layout-constrained\" style=\"min-height:0px;margin-top:var(--wp--preset--spacing--50);margin-bottom:var(--wp--preset--spacing--50)\">\n<div class=\"wp-block-group is-layout-constrained wp-container-core-group-is-layout-9d905408 wp-block-group-is-layout-constrained\" style=\"padding-top:0;padding-right:0px;padding-bottom:0;padding-left:0px\">\n<h4 class=\"wp-block-heading has-ast-global-color-0-color has-text-color has-background has-link-color has-medium-font-size wp-elements-cbe5bac3fd4257866009ec9075b9d8af\" style=\"background-color:#b8e2ff;padding-top:var(--wp--preset--spacing--30);padding-right:var(--wp--preset--spacing--40);padding-bottom:var(--wp--preset--spacing--30);padding-left:var(--wp--preset--spacing--40)\">19:10 Startups elevator pitch<\/h4>\n<\/div>\n\n\n\n<div class=\"wp-block-group alignfull align-items-center has-background is-horizontal is-nowrap is-layout-flex wp-container-core-group-is-layout-12c8cd77 wp-block-group-is-layout-flex\" style=\"background-color:#b8e2ff;padding-top:var(--wp--preset--spacing--30);padding-right:var(--wp--preset--spacing--40);padding-bottom:var(--wp--preset--spacing--30);padding-left:var(--wp--preset--spacing--40)\">\n<p class=\"has-background has-medium-font-size wp-container-content-9cfa9a5a\" style=\"background-color:#b8e2ff\">&#8211; <a href=\"https:\/\/www.linkedin.com\/in\/ACoAAAo-N4YBMYWTzJOsaVWJRv4rL0NfOLsWGso\">Kenny Van Looveren<\/a>, <a href=\"https:\/\/www.linkedin.com\/company\/majorian\/\">MAJORIAN<\/a>, <a href=\"https:\/\/www.linkedin.com\/company\/majorian-clorofil\/\">Clorofil<\/a>: bilan carbone pour les h\u00f4teliers<br\/>&#8211; <a href=\"https:\/\/www.linkedin.com\/in\/ACoAAAjWdUYBBM7GtnAnHUXufmU4NPsH7H5TL-0\">Edouard FERRARI<\/a>, <a href=\"https:\/\/www.linkedin.com\/company\/allumee\/\">Allumee<\/a>: spectacles lumineux par drone<br\/>&#8211; <a href=\"https:\/\/www.linkedin.com\/in\/ACoAAAFCenYBOc2bq04RhQY3abMM3QU47WjFX5s\">Etienne de Galbert<\/a>, <a href=\"https:\/\/www.linkedin.com\/company\/homecamper\/\">HomeCamper<\/a><br\/>&#8211; <a href=\"https:\/\/www.linkedin.com\/in\/ACoAAA9fvh0BtWehOGViIPxnl2nFHbnHAa5Ok3E\">Florian Vallet \ud83c\udfbf\ud83d\udc68\u200d\ud83e\uddbd,<\/a> <a href=\"https:\/\/www.linkedin.com\/company\/activhandi\/\">ActivExperience by Activhandi<\/a><br\/>&#8211; <a href=\"https:\/\/www.linkedin.com\/in\/ACoAAAtARpoBb4rWIGkgsXdRyVvq6quasq39GGo\">Hubert Vendeville<\/a>, <a href=\"https:\/\/www.linkedin.com\/company\/betterfly-tourism\/\">Betterfly Tourism<\/a><\/p>\n<\/div>\n<\/div>\n\n\n\n<div class=\"wp-block-group has-ast-global-color-6-background-color has-background is-layout-constrained wp-container-core-group-is-layout-db317931 wp-block-group-is-layout-constrained\" style=\"min-height:0px;margin-top:var(--wp--preset--spacing--50);margin-bottom:var(--wp--preset--spacing--50)\">\n<h4 class=\"wp-block-heading has-text-color has-background has-link-color has-medium-font-size wp-elements-1a3dfe631e1f0cd036afe2771a0fd357\" style=\"color:#bc8a00;background-color:#ffedb8;padding-top:var(--wp--preset--spacing--30);padding-right:var(--wp--preset--spacing--40);padding-bottom:var(--wp--preset--spacing--30);padding-left:var(--wp--preset--spacing--40)\">19:30 Key learnings d&#8217;experts de la travel tech<\/h4>\n\n\n\n<div class=\"wp-block-group is-layout-constrained wp-container-core-group-is-layout-9d905408 wp-block-group-is-layout-constrained\" style=\"padding-top:0;padding-right:0px;padding-bottom:0;padding-left:0px\">\n<p class=\"has-background has-medium-font-size wp-container-content-9cfa9a5a\" style=\"background-color:#ffedb8\">&#8211; <a href=\"https:\/\/www.linkedin.com\/in\/ACoAAAu4Od8BuTZp5GWc3dveVQO3uVO-c8rzusg\">Florian Cointet<\/a>, <a href=\"https:\/\/www.linkedin.com\/company\/omio\/\">Omio<\/a><br\/>&#8211; <a href=\"https:\/\/www.linkedin.com\/in\/ACoAAAAxSV0BS3xbgToyIhe4gQfEfMtZdjk5qkI\">J\u00f6rg Malang<\/a>, <a href=\"https:\/\/www.linkedin.com\/company\/der-touristik-deutschland-gmbh\/\">DER Touristik<\/a><br\/>&#8211; <a href=\"https:\/\/www.linkedin.com\/in\/ACoAAAzrza4B98Xv8lHYWmFaEWP4BdLtZ9-HODM\">Carolin Marschall<\/a>, <a href=\"https:\/\/www.linkedin.com\/company\/evaneos\/\">Evaneos<\/a><br\/>&#8211; <a href=\"https:\/\/www.linkedin.com\/in\/ACoAAAq5mhIBdyJt9JYMOFdPGXEiloRgYnHZ6YE\">Diane Gerbaux<\/a>, <a href=\"https:\/\/www.linkedin.com\/company\/komoot-gmbh\/\">komoot<\/a><br\/>&#8211; <a href=\"https:\/\/www.linkedin.com\/in\/ACoAAAObETQBPPO073WqkkSMzhhIGcvu9pXrdqc\">Franck Pascault<\/a>, <a href=\"https:\/\/www.linkedin.com\/company\/tourlane\/\">Tourlane<\/a><br\/><\/p>\n<\/div>\n<\/div>\n\n\n\n<div class=\"wp-block-group has-ast-global-color-6-background-color has-background is-layout-constrained wp-container-core-group-is-layout-db317931 wp-block-group-is-layout-constrained\" style=\"min-height:0px;margin-top:var(--wp--preset--spacing--50);margin-bottom:var(--wp--preset--spacing--50)\">\n<div class=\"wp-block-group is-layout-constrained wp-container-core-group-is-layout-9d905408 wp-block-group-is-layout-constrained\" style=\"padding-top:0;padding-right:0px;padding-bottom:0;padding-left:0px\">\n<h4 class=\"wp-block-heading has-text-color has-background has-link-color has-medium-font-size wp-elements-ef4016323e32c767710553a27bb1085a\" style=\"color:#bc8a00;background-color:#ffedb8;padding-top:var(--wp--preset--spacing--30);padding-right:var(--wp--preset--spacing--40);padding-bottom:var(--wp--preset--spacing--30);padding-left:var(--wp--preset--spacing--40)\">20:00 &#8211; 21:30 Cocktail et Networking<\/h4>\n<\/div>\n<\/div>\n<\/div>\n\n\n\n<div class=\"wp-block-uagb-container uagb-block-b78d7787 alignfull uagb-is-root-container\"><div class=\"uagb-container-inner-blocks-wrap\">\n<div style=\"height:13px\" aria-hidden=\"true\" class=\"wp-block-spacer\"><\/div>\n<\/div><\/div>\n\n\n\n<div class=\"wp-block-uagb-container uagb-block-60cc3f4e alignfull uagb-is-root-container\"><div class=\"uagb-container-inner-blocks-wrap\">\n<div style=\"height:13px\" aria-hidden=\"true\" class=\"wp-block-spacer\"><\/div>\n<\/div><\/div>\n<\/div><\/div>\n\n<div class=\"wp-block-uagb-container uagb-block-6f7fcded alignfull uagb-is-root-container\"><div class=\"uagb-container-inner-blocks-wrap\"><\/div><\/div>\n\n<div class=\"wp-block-uagb-info-box uagb-block-b3fe2adf uagb-infobox__content-wrap  uagb-infobox-icon-above-title uagb-infobox-image-valign-top\" id=\"application_formular\"><div class=\"uagb-ifb-content\"><div class=\"uagb-ifb-title-wrap\"><h3 class=\"uagb-ifb-title\">FAQ<\/h3><\/div><div class=\"uagb-ifb-separator\"><\/div><\/div><\/div>\n\n<div class=\"wp-block-uagb-container uagb-block-e2bd9c34 alignfull uagb-is-root-container\"><div class=\"uagb-container-inner-blocks-wrap\">\n<p><strong>Comment contacter l&#8217;organisation si j&#8217;ai besoin de plus d&#8217;informations<\/strong>?<br\/><a href=\"mailto:contact@frenchtechberlin.com\">contact@frenchtechberlin.com<\/a><\/p>\n\n\n\n<div class=\"wp-block-columns has-small-font-size is-layout-flex wp-container-core-columns-is-layout-28f84493 wp-block-columns-is-layout-flex\" style=\"border-style:none;border-width:0px;border-radius:0px\">\n<div class=\"wp-block-column is-layout-flow wp-block-column-is-layout-flow\"><\/div>\n\n\n\n<div class=\"wp-block-column is-layout-flow wp-block-column-is-layout-flow\"><\/div>\n\n\n\n<div class=\"wp-block-column is-layout-flow wp-block-column-is-layout-flow\"><\/div>\n\n\n\n<div class=\"wp-block-column is-layout-flow wp-block-column-is-layout-flow\"><\/div>\n\n\n\n<div class=\"wp-block-column is-layout-flow wp-block-column-is-layout-flow\"><\/div>\n\n\n\n<div class=\"wp-block-column is-layout-flow wp-block-column-is-layout-flow\"><\/div>\n<\/div>\n<\/div><\/div>\n","protected":false},"excerpt":{"rendered":"<p>TravelTech Cocktail \u00c9v\u00e9nement lors du Salon International du Tourisme de Berlin ITB 04.03.2024 . 18:30 &#8211; 21:30 Anklamer Stra\u00dfe 33 10115 Berlin Allemagne 18:30 Ouverture des portes 19:00 Accueil &#8211; Erwan Corre, Worlddia&#8211; Adeline No\u00ebl-Grautmann, Business France&#8211; F\u00e9licie J., Bpifrance&#8211; Marie-Avril Roux Steinkuehler LL.M., French Tech Berlin 19:10 Startups elevator pitch &#8211; Kenny Van Looveren, [&hellip;]<\/p>\n","protected":false},"author":1,"featured_media":0,"parent":0,"menu_order":0,"comment_status":"closed","ping_status":"closed","template":"","meta":{"_uag_custom_page_level_css":"","site-sidebar-layout":"default","site-content-layout":"","ast-site-content-layout":"full-width-container","site-content-style":"default","site-sidebar-style":"default","ast-global-header-display":"","ast-banner-title-visibility":"","ast-main-header-display":"","ast-hfb-above-header-display":"","ast-hfb-below-header-display":"","ast-hfb-mobile-header-display":"","site-post-title":"","ast-breadcrumbs-content":"","ast-featured-img":"","footer-sml-layout":"","theme-transparent-header-meta":"enabled","adv-header-id-meta":"","stick-header-meta":"","header-above-stick-meta":"","header-main-stick-meta":"","header-below-stick-meta":"","astra-migrate-meta-layouts":"default","ast-page-background-enabled":"default","ast-page-background-meta":{"desktop":{"background-color":"var(--ast-global-color-4)","background-image":"","background-repeat":"repeat","background-position":"center center","background-size":"auto","background-attachment":"scroll","background-type":"","background-media":"","overlay-type":"","overlay-color":"","overlay-gradient":""},"tablet":{"background-color":"","background-image":"","background-repeat":"repeat","background-position":"center center","background-size":"auto","background-attachment":"scroll","background-type":"","background-media":"","overlay-type":"","overlay-color":"","overlay-gradient":""},"mobile":{"background-color":"","background-image":"","background-repeat":"repeat","background-position":"center center","background-size":"auto","background-attachment":"scroll","background-type":"","background-media":"","overlay-type":"","overlay-color":"","overlay-gradient":""}},"ast-content-background-meta":{"desktop":{"background-color":"var(--ast-global-color-5)","background-image":"","background-repeat":"repeat","background-position":"center center","background-size":"auto","background-attachment":"scroll","background-type":"","background-media":"","overlay-type":"","overlay-color":"","overlay-gradient":""},"tablet":{"background-color":"var(--ast-global-color-5)","background-image":"","background-repeat":"repeat","background-position":"center center","background-size":"auto","background-attachment":"scroll","background-type":"","background-media":"","overlay-type":"","overlay-color":"","overlay-gradient":""},"mobile":{"background-color":"var(--ast-global-color-5)","background-image":"","background-repeat":"repeat","background-position":"center center","background-size":"auto","background-attachment":"scroll","background-type":"","background-media":"","overlay-type":"","overlay-color":"","overlay-gradient":""}},"footnotes":""},"class_list":["post-4898","page","type-page","status-publish","hentry"],"uagb_featured_image_src":{"full":false,"thumbnail":false,"medium":false,"medium_large":false,"large":false,"1536x1536":false,"2048x2048":false},"uagb_author_info":{"display_name":"admin","author_link":"https:\/\/www.frenchtechberlin.com\/fr\/author\/admin\/"},"uagb_comment_info":0,"uagb_excerpt":"TravelTech Cocktail \u00c9v\u00e9nement lors du Salon International du Tourisme de Berlin ITB 04.03.2024 . 18:30 &#8211; 21:30 Anklamer Stra\u00dfe 33 10115 Berlin Allemagne 18:30 Ouverture des portes 19:00 Accueil &#8211; Erwan Corre, Worlddia&#8211; Adeline No\u00ebl-Grautmann, Business France&#8211; F\u00e9licie J., Bpifrance&#8211; Marie-Avril Roux Steinkuehler LL.M., French Tech Berlin 19:10 Startups elevator pitch &#8211; Kenny Van Looveren,\u2026","_links":{"self":[{"href":"https:\/\/www.frenchtechberlin.com\/fr\/wp-json\/wp\/v2\/pages\/4898","targetHints":{"allow":["GET"]}}],"collection":[{"href":"https:\/\/www.frenchtechberlin.com\/fr\/wp-json\/wp\/v2\/pages"}],"about":[{"href":"https:\/\/www.frenchtechberlin.com\/fr\/wp-json\/wp\/v2\/types\/page"}],"author":[{"embeddable":true,"href":"https:\/\/www.frenchtechberlin.com\/fr\/wp-json\/wp\/v2\/users\/1"}],"replies":[{"embeddable":true,"href":"https:\/\/www.frenchtechberlin.com\/fr\/wp-json\/wp\/v2\/comments?post=4898"}],"version-history":[{"count":4,"href":"https:\/\/www.frenchtechberlin.com\/fr\/wp-json\/wp\/v2\/pages\/4898\/revisions"}],"predecessor-version":[{"id":7590,"href":"https:\/\/www.frenchtechberlin.com\/fr\/wp-json\/wp\/v2\/pages\/4898\/revisions\/7590"}],"wp:attachment":[{"href":"https:\/\/www.frenchtechberlin.com\/fr\/wp-json\/wp\/v2\/media?parent=4898"}],"curies":[{"name":"wp","href":"https:\/\/api.w.org\/{rel}","templated":true}]}}