{"id":958,"date":"2022-04-22T21:41:51","date_gmt":"2022-04-22T21:41:51","guid":{"rendered":"https:\/\/www.frenchtechberlin.com\/team\/"},"modified":"2024-12-01T21:02:04","modified_gmt":"2024-12-01T21:02:04","slug":"team","status":"publish","type":"page","link":"https:\/\/www.frenchtechberlin.com\/de\/team\/","title":{"rendered":"Team"},"content":{"rendered":"<p><strong>Ko-Vorsitzende<\/strong><br \/>\n&#8211; <a href=\"https:\/\/www.linkedin.com\/in\/gunnargraef\/\">Gunnar GRAEF<\/a> Gr\u00fcnder <a href=\"https:\/\/www.deutsche-ventures.com\/\">Deutsche Ventures<\/a><br \/>\n&#8211; <a href=\"https:\/\/www.linkedin.com\/in\/marie-avril-roux-avocat-anwalt-ip-it\/\">Marie-Avril ROUX STEINKUEHLER<\/a> Gr\u00fcnderin <a href=\"https:\/\/www.mars-ip.eu\/\">Mars IP<\/a><strong><br \/>\n<\/strong><\/p>\n<p><strong>Community Lead<br \/>\n<\/strong>&#8211; <a href=\"https:\/\/www.linkedin.com\/in\/andrepitie\/\">Andr\u00e9 PITIE<\/a> Gr\u00fcnder <a href=\"https:\/\/www.cartalyse.com\">Cartalyse<\/a><strong><br \/>\n<\/strong><\/p>\n<p><strong>Vorstandsmitglieder<br \/>\n<\/strong>&#8211; <a href=\"https:\/\/www.linkedin.com\/in\/alexandrabegue\/\">Alexandra BEGUE<\/a> Intrapreneurship \u00d6kosystem Strategie <a href=\"https:\/\/sap.io\/\">SAP.iO<\/a><br \/>\n&#8211; <a href=\"https:\/\/www.linkedin.com\/in\/aliciacombaz\/\">Alicia Combaz<\/a>, Gr\u00fcnderin <a href=\"https:\/\/www.make.org\/\">Make.org<\/a><br \/>\n&#8211; <a href=\"https:\/\/www.linkedin.com\/in\/shiraz-mahfoudhi\/\">Shiraz MAHFOUDHI<\/a> Chief of Staff <a href=\"https:\/\/www.linkedin.com\/company\/hotjar\/\">Hotjar<\/a><br \/>\n&#8211; <a href=\"https:\/\/www.linkedin.com\/in\/emmanuel-thomassin-23b5672\/\">Emmanuel THOMASSIN<\/a> CFO <a href=\"https:\/\/wise.com\/\">Wise<\/a><br \/>\n&#8211; <a href=\"https:\/\/www.linkedin.com\/in\/emilie-vallauri-78b06b105\/\">Emilie VALLAURI<\/a>\u00a0Katalysator-Programm-Managerin EMEA @ <a href=\"https:\/\/www.techstars.com\/\">Techstars<\/a><\/p>\n<p><strong>Institutionelle Kontakte<br \/>\n<\/strong>&#8211; <a href=\"https:\/\/www.linkedin.com\/in\/mathilde-flamant-10301118a\/\">Mathilde FLAMANT<\/a>, Regionaler Wirtschaftsdienst, <a href=\"https:\/\/de.ambafrance.org\/\">Franz\u00f6sische Botschaft in Deutschland<\/a><strong><br \/>\n<\/strong>&#8211; <a href=\"https:\/\/www.linkedin.com\/in\/friedemannlotz\/\">Friedemann LOTZ<\/a> Leiter ICT, <a href=\"https:\/\/www.linkedin.com\/company\/berlin-partner-gmbh\/\">Berlin Partner<\/a><\/p>\n<p><strong>Freiwillige<br \/>\n<\/strong>&#8211; <a href=\"https:\/\/www.linkedin.com\/in\/thierry-baujard-115220\/\">Thierry BAUJARD<\/a> Mitbegr\u00fcnder <a href=\"https:\/\/spielfabrique.eu\/\">Spielfabrique<\/a><br \/>\n&#8211; <a href=\"https:\/\/www.linkedin.com\/in\/anne-chrystelle-b%C3%A4tz-37339628\/\">Anne-Chrystelle B\u00c4TZ<\/a> Pr\u00e4sidentin <a href=\"https:\/\/www.emploi-allemagne.de\/\">Emploi Allemagne<\/a><br \/>\n&#8211; <a href=\"https:\/\/www.linkedin.com\/in\/julie-david\/\">Julie DAVID<\/a>, <span style=\"color: var(--ast-global-color-3); background-color: var(--ast-global-color-5); font-family: -apple-system, BlinkMacSystemFont, 'Segoe UI', Roboto, Oxygen-Sans, Ubuntu, Cantarell, 'Helvetica Neue', sans-serif; font-size: 1rem;\">Head of ATL Marketing <a href=\"https:\/\/www.dcmn.com\/\">DCMN<\/a><\/span><br \/>\n&#8211; <a href=\"https:\/\/www.linkedin.com\/in\/ulischmitz\/\">Uli SCHMITZ<\/a> CEO <a href=\"https:\/\/www.axelspringerdigitalventures.com\/\">Axel Springer Digital Ventures<\/a><br \/>\n&#8211; <a href=\"https:\/\/www.linkedin.com\/in\/raphael-thomas-lawyer\/\">Raphael THOMAS<\/a> Gr\u00fcnder <a href=\"https:\/\/startup-lawyers.de\/\">Startup-Lawyers.de<\/a><\/p>\n","protected":false},"excerpt":{"rendered":"<p>Ko-Vorsitzende &#8211; Gunnar GRAEF Gr\u00fcnder Deutsche Ventures &#8211; Marie-Avril ROUX STEINKUEHLER Gr\u00fcnderin Mars IP Community Lead &#8211; Andr\u00e9 PITIE Gr\u00fcnder Cartalyse Vorstandsmitglieder &#8211; Alexandra BEGUE Intrapreneurship \u00d6kosystem Strategie SAP.iO &#8211; Alicia Combaz, Gr\u00fcnderin Make.org &#8211; Shiraz MAHFOUDHI Chief of Staff Hotjar &#8211; Emmanuel THOMASSIN CFO Wise &#8211; Emilie VALLAURI\u00a0Katalysator-Programm-Managerin EMEA @ Techstars Institutionelle Kontakte &#8211; [&hellip;]<\/p>\n","protected":false},"author":1,"featured_media":959,"parent":0,"menu_order":0,"comment_status":"closed","ping_status":"closed","template":"","meta":{"_uag_custom_page_level_css":"","site-sidebar-layout":"default","site-content-layout":"","ast-site-content-layout":"","site-content-style":"default","site-sidebar-style":"default","ast-global-header-display":"","ast-banner-title-visibility":"","ast-main-header-display":"","ast-hfb-above-header-display":"","ast-hfb-below-header-display":"","ast-hfb-mobile-header-display":"","site-post-title":"","ast-breadcrumbs-content":"","ast-featured-img":"","footer-sml-layout":"","theme-transparent-header-meta":"","adv-header-id-meta":"","stick-header-meta":"","header-above-stick-meta":"","header-main-stick-meta":"","header-below-stick-meta":"","astra-migrate-meta-layouts":"default","ast-page-background-enabled":"default","ast-page-background-meta":{"desktop":{"background-color":"var(--ast-global-color-4)","background-image":"","background-repeat":"repeat","background-position":"center center","background-size":"auto","background-attachment":"scroll","background-type":"","background-media":"","overlay-type":"","overlay-color":"","overlay-gradient":""},"tablet":{"background-color":"","background-image":"","background-repeat":"repeat","background-position":"center center","background-size":"auto","background-attachment":"scroll","background-type":"","background-media":"","overlay-type":"","overlay-color":"","overlay-gradient":""},"mobile":{"background-color":"","background-image":"","background-repeat":"repeat","background-position":"center center","background-size":"auto","background-attachment":"scroll","background-type":"","background-media":"","overlay-type":"","overlay-color":"","overlay-gradient":""}},"ast-content-background-meta":{"desktop":{"background-color":"var(--ast-global-color-5)","background-image":"","background-repeat":"repeat","background-position":"center center","background-size":"auto","background-attachment":"scroll","background-type":"","background-media":"","overlay-type":"","overlay-color":"","overlay-gradient":""},"tablet":{"background-color":"var(--ast-global-color-5)","background-image":"","background-repeat":"repeat","background-position":"center center","background-size":"auto","background-attachment":"scroll","background-type":"","background-media":"","overlay-type":"","overlay-color":"","overlay-gradient":""},"mobile":{"background-color":"var(--ast-global-color-5)","background-image":"","background-repeat":"repeat","background-position":"center center","background-size":"auto","background-attachment":"scroll","background-type":"","background-media":"","overlay-type":"","overlay-color":"","overlay-gradient":""}},"footnotes":""},"class_list":["post-958","page","type-page","status-publish","has-post-thumbnail","hentry"],"uagb_featured_image_src":{"full":false,"thumbnail":false,"medium":false,"medium_large":false,"large":false,"1536x1536":false,"2048x2048":false},"uagb_author_info":{"display_name":"admin","author_link":"https:\/\/www.frenchtechberlin.com\/de\/author\/admin\/"},"uagb_comment_info":0,"uagb_excerpt":"Ko-Vorsitzende &#8211; Gunnar GRAEF Gr\u00fcnder Deutsche Ventures &#8211; Marie-Avril ROUX STEINKUEHLER Gr\u00fcnderin Mars IP Community Lead &#8211; Andr\u00e9 PITIE Gr\u00fcnder Cartalyse Vorstandsmitglieder &#8211; Alexandra BEGUE Intrapreneurship \u00d6kosystem Strategie SAP.iO &#8211; Alicia Combaz, Gr\u00fcnderin Make.org &#8211; Shiraz MAHFOUDHI Chief of Staff Hotjar &#8211; Emmanuel THOMASSIN CFO Wise &#8211; Emilie VALLAURI\u00a0Katalysator-Programm-Managerin EMEA @ Techstars Institutionelle Kontakte &#8211;&hellip;","_links":{"self":[{"href":"https:\/\/www.frenchtechberlin.com\/de\/wp-json\/wp\/v2\/pages\/958","targetHints":{"allow":["GET"]}}],"collection":[{"href":"https:\/\/www.frenchtechberlin.com\/de\/wp-json\/wp\/v2\/pages"}],"about":[{"href":"https:\/\/www.frenchtechberlin.com\/de\/wp-json\/wp\/v2\/types\/page"}],"author":[{"embeddable":true,"href":"https:\/\/www.frenchtechberlin.com\/de\/wp-json\/wp\/v2\/users\/1"}],"replies":[{"embeddable":true,"href":"https:\/\/www.frenchtechberlin.com\/de\/wp-json\/wp\/v2\/comments?post=958"}],"version-history":[{"count":10,"href":"https:\/\/www.frenchtechberlin.com\/de\/wp-json\/wp\/v2\/pages\/958\/revisions"}],"predecessor-version":[{"id":5963,"href":"https:\/\/www.frenchtechberlin.com\/de\/wp-json\/wp\/v2\/pages\/958\/revisions\/5963"}],"wp:featuredmedia":[{"embeddable":true,"href":"https:\/\/www.frenchtechberlin.com\/de\/wp-json\/wp\/v2\/pages\/959"}],"wp:attachment":[{"href":"https:\/\/www.frenchtechberlin.com\/de\/wp-json\/wp\/v2\/media?parent=958"}],"curies":[{"name":"wp","href":"https:\/\/api.w.org\/{rel}","templated":true}]}}