{"id":945,"date":"2022-04-22T21:02:13","date_gmt":"2022-04-22T21:02:13","guid":{"rendered":"https:\/\/35.189.69.110\/?page_id=210"},"modified":"2026-05-11T16:58:33","modified_gmt":"2026-05-11T16:58:33","slug":"partners","status":"publish","type":"page","link":"https:\/\/www.frenchtechberlin.com\/de\/partners\/","title":{"rendered":"Partner"},"content":{"rendered":"<p>Wenn Sie unsere Bem\u00fchungen zur F\u00f6rderung des deutsch-franz\u00f6sischen \u00d6kosystems unterst\u00fctzen m\u00f6chten, kontaktieren Sie uns: <a>contact@frenchtechberlin.com<\/a><\/p>\n<p>Vielen Dank an unsere Partner:<\/p>\n<ul>\n<li>AHK Frankreich<\/li>\n<li><a href=\"https:\/\/www.berlin-partner.de\/en\">Berlin Partner<\/a><\/li>\n<li>BNP Paribas<\/li>\n<li><a href=\"https:\/\/www.businessfrance.fr\/en\/home\">Business Frankreich<\/a><\/li>\n<li><a href=\"https:\/\/www.ccifrance-allemagne.fr\/de\/\">CCI Frankreich Allemagne<\/a><\/li>\n<li>Held der Lieferung<\/li>\n<li><a href=\"https:\/\/www.deutsche-ventures.com\/\">Deutsche Ventures<\/a><\/li>\n<li><a href=\"https:\/\/escp.eu\/berlin\">ESCP Berlin<\/a><\/li>\n<li><a href=\"https:\/\/francedigitale.org\/en\/\">Frankreich Digitale<\/a><\/li>\n<li><a href=\"https:\/\/lafrenchtech.com\">La French Tech<\/a><\/li>\n<li>Mars-IP<\/li>\n<li>Mazars<\/li>\n<li><a href=\"https:\/\/numeum.fr\/\">Numeum<\/a><\/li>\n<li><a href=\"https:\/\/tehtris.com\/en\/\">Tehtris<\/a><\/li>\n<\/ul>\n<figure class=\"kg-card kg-image-card\"><\/figure>\n<figure class=\"kg-card kg-image-card\"><\/figure>\n<figure class=\"kg-card kg-image-card\"><\/figure>\n<figure class=\"kg-card kg-image-card\"><\/figure>\n<figure class=\"kg-card kg-image-card\"><\/figure>\n<figure class=\"kg-card kg-image-card\"><\/figure>\n<figure class=\"kg-card kg-image-card\"><\/figure>\n<figure class=\"kg-card kg-image-card\"><\/figure>\n<figure class=\"kg-card kg-image-card\"><\/figure>\n<figure class=\"kg-card kg-image-card\"><\/figure>\n","protected":false},"excerpt":{"rendered":"<p>Wenn Sie unsere Bem\u00fchungen zur F\u00f6rderung des deutsch-franz\u00f6sischen \u00d6kosystems unterst\u00fctzen m\u00f6chten, kontaktieren Sie uns: contact@frenchtechberlin.com Vielen Dank an unsere Partner: AHK Frankreich Berlin Partner BNP Paribas Business Frankreich CCI Frankreich Allemagne Held der Lieferung Deutsche Ventures ESCP Berlin Frankreich Digitale La French Tech Mars-IP Mazars Numeum Tehtris<\/p>\n","protected":false},"author":1,"featured_media":939,"parent":0,"menu_order":0,"comment_status":"closed","ping_status":"closed","template":"","meta":{"_uag_custom_page_level_css":"","site-sidebar-layout":"default","site-content-layout":"","ast-site-content-layout":"","site-content-style":"default","site-sidebar-style":"default","ast-global-header-display":"","ast-banner-title-visibility":"","ast-main-header-display":"","ast-hfb-above-header-display":"","ast-hfb-below-header-display":"","ast-hfb-mobile-header-display":"","site-post-title":"","ast-breadcrumbs-content":"","ast-featured-img":"","footer-sml-layout":"","theme-transparent-header-meta":"","adv-header-id-meta":"","stick-header-meta":"","header-above-stick-meta":"","header-main-stick-meta":"","header-below-stick-meta":"","astra-migrate-meta-layouts":"default","ast-page-background-enabled":"default","ast-page-background-meta":{"desktop":{"background-color":"var(--ast-global-color-4)","background-image":"","background-repeat":"repeat","background-position":"center center","background-size":"auto","background-attachment":"scroll","background-type":"","background-media":"","overlay-type":"","overlay-color":"","overlay-gradient":""},"tablet":{"background-color":"","background-image":"","background-repeat":"repeat","background-position":"center center","background-size":"auto","background-attachment":"scroll","background-type":"","background-media":"","overlay-type":"","overlay-color":"","overlay-gradient":""},"mobile":{"background-color":"","background-image":"","background-repeat":"repeat","background-position":"center center","background-size":"auto","background-attachment":"scroll","background-type":"","background-media":"","overlay-type":"","overlay-color":"","overlay-gradient":""}},"ast-content-background-meta":{"desktop":{"background-color":"var(--ast-global-color-5)","background-image":"","background-repeat":"repeat","background-position":"center center","background-size":"auto","background-attachment":"scroll","background-type":"","background-media":"","overlay-type":"","overlay-color":"","overlay-gradient":""},"tablet":{"background-color":"var(--ast-global-color-5)","background-image":"","background-repeat":"repeat","background-position":"center center","background-size":"auto","background-attachment":"scroll","background-type":"","background-media":"","overlay-type":"","overlay-color":"","overlay-gradient":""},"mobile":{"background-color":"var(--ast-global-color-5)","background-image":"","background-repeat":"repeat","background-position":"center center","background-size":"auto","background-attachment":"scroll","background-type":"","background-media":"","overlay-type":"","overlay-color":"","overlay-gradient":""}},"footnotes":""},"class_list":["post-945","page","type-page","status-publish","has-post-thumbnail","hentry"],"uagb_featured_image_src":{"full":false,"thumbnail":false,"medium":false,"medium_large":false,"large":false,"1536x1536":false,"2048x2048":false},"uagb_author_info":{"display_name":"admin","author_link":"https:\/\/www.frenchtechberlin.com\/de\/author\/admin\/"},"uagb_comment_info":0,"uagb_excerpt":"Wenn Sie unsere Bem\u00fchungen zur F\u00f6rderung des deutsch-franz\u00f6sischen \u00d6kosystems unterst\u00fctzen m\u00f6chten, kontaktieren Sie uns: contact@frenchtechberlin.com Vielen Dank an unsere Partner: AHK Frankreich Berlin Partner BNP Paribas Business Frankreich CCI Frankreich Allemagne Held der Lieferung Deutsche Ventures ESCP Berlin Frankreich Digitale La French Tech Mars-IP Mazars Numeum Tehtris","_links":{"self":[{"href":"https:\/\/www.frenchtechberlin.com\/de\/wp-json\/wp\/v2\/pages\/945","targetHints":{"allow":["GET"]}}],"collection":[{"href":"https:\/\/www.frenchtechberlin.com\/de\/wp-json\/wp\/v2\/pages"}],"about":[{"href":"https:\/\/www.frenchtechberlin.com\/de\/wp-json\/wp\/v2\/types\/page"}],"author":[{"embeddable":true,"href":"https:\/\/www.frenchtechberlin.com\/de\/wp-json\/wp\/v2\/users\/1"}],"replies":[{"embeddable":true,"href":"https:\/\/www.frenchtechberlin.com\/de\/wp-json\/wp\/v2\/comments?post=945"}],"version-history":[{"count":3,"href":"https:\/\/www.frenchtechberlin.com\/de\/wp-json\/wp\/v2\/pages\/945\/revisions"}],"predecessor-version":[{"id":7985,"href":"https:\/\/www.frenchtechberlin.com\/de\/wp-json\/wp\/v2\/pages\/945\/revisions\/7985"}],"wp:featuredmedia":[{"embeddable":true,"href":"https:\/\/www.frenchtechberlin.com\/de\/wp-json\/wp\/v2\/pages\/939"}],"wp:attachment":[{"href":"https:\/\/www.frenchtechberlin.com\/de\/wp-json\/wp\/v2\/media?parent=945"}],"curies":[{"name":"wp","href":"https:\/\/api.w.org\/{rel}","templated":true}]}}