{"id":944,"date":"2022-04-22T21:11:30","date_gmt":"2022-04-22T21:11:30","guid":{"rendered":"https:\/\/www.frenchtechberlin.com\/sponsor-werden\/"},"modified":"2022-04-22T21:11:30","modified_gmt":"2022-04-22T21:11:30","slug":"sponsor-werden","status":"publish","type":"page","link":"https:\/\/www.frenchtechberlin.com\/de\/sponsor-werden\/","title":{"rendered":"Sponsor werden"},"content":{"rendered":"<p>Sie sind noch kein Mitglied? <a href=\"https:\/\/frenchtechberlin.ghost.io\/become-a-member\/\">Registrieren Sie sich hier kostenlos<\/a>.<\/p>\n<p>Werden Sie Sponsor und helfen Sie uns bei der Organisation von Veranstaltungen:  <\/p>\n<ul>\n<li>Online-Mittagsgespr\u00e4che, Konferenzen<\/li>\n<li>Networking-Veranstaltungen (Fr\u00fchst\u00fcck, Afterwork, Abendessen)<\/li>\n<li>Interviews (Video, Audio, Text)<\/li>\n<\/ul>\n<p>Patenschaft f\u00fcr French Tech Berlin f\u00fcr 1 Jahr :<\/p>\n<ul>\n<li>als Einzelperson: 24 \u20ac inklusive Mehrwertsteuer  <\/li>\n<li>als Existenzgr\u00fcnder: 500 \u20ac + MwSt.  <\/li>\n<li>als Unternehmen: 6.000 \u20ac + MwSt.  <\/li>\n<\/ul>\n<p>Spenden erf\u00fcllen nicht die Voraussetzungen f\u00fcr eine Spendenbescheinigung: Ihr Sponsoring wird daher in vollem Umfang als Gesch\u00e4ftseinkommen besteuert.<\/p>\n<p>Wir akzeptieren Zahlungen per Bank\u00fcberweisung.  <br \/>Senden Sie eine Nachricht an <a href=\"mailto:contact@frenchtechberlin.com\">contact@frenchtechberlin.com<\/a>, um eine Rechnung zu erhalten und unsere IBAN-Daten f\u00fcr die Zahlung zu bekommen. Bitte geben Sie Ihre Firmenanschrift und Ihre Mehrwertsteuernummer an.<\/p>\n<p>Sie sind auf der Suche nach einem Gesch\u00e4ftspartner, einem Job, neuen Mitarbeitern oder wollen einfach nur mit Menschen in Kontakt treten, die im Berliner Tech-\u00d6kosystem arbeiten? <a href=\"https:\/\/frenchtechberlin.ghost.io\/contact\/\">Kontaktieren Sie uns<\/a>!  <\/p>\n<p>Sie k\u00f6nnen uns auf den folgenden Social-Media-Plattformen folgen und sich uns anschlie\u00dfen:<br \/>&#8211; <a href=\"https:\/\/www.facebook.com\/frenchtechberlin\/\">Facebook<\/a><br \/>&#8211; <a href=\"https:\/\/www.linkedin.com\/company\/french-tech-berlin\">LinkedIn<\/a> <br \/>&#8211; <a href=\"https:\/\/mobile.twitter.com\/frenchtechbrln\">Zwitschern<\/a><\/p>\n<p>Wenn Sie in Berlin ans\u00e4ssig sind und einen Beitrag zu unserer Gemeinschaft leisten m\u00f6chten, freuen wir uns \u00fcber neue aktive Mitglieder, die bereit sind, unsere Organisation zu unterst\u00fctzen.<\/p>\n","protected":false},"excerpt":{"rendered":"<p>Sie sind noch kein Mitglied? Registrieren Sie sich hier kostenlos. Werden Sie Sponsor und helfen Sie uns bei der Organisation von Veranstaltungen: Online-Mittagsgespr\u00e4che, Konferenzen Networking-Veranstaltungen (Fr\u00fchst\u00fcck, Afterwork, Abendessen) Interviews (Video, Audio, Text) Patenschaft f\u00fcr French Tech Berlin f\u00fcr 1 Jahr : als Einzelperson: 24 \u20ac inklusive Mehrwertsteuer als Existenzgr\u00fcnder: 500 \u20ac + MwSt. als Unternehmen: [&hellip;]<\/p>\n","protected":false},"author":1,"featured_media":945,"parent":0,"menu_order":0,"comment_status":"closed","ping_status":"closed","template":"","meta":{"_uag_custom_page_level_css":"","site-sidebar-layout":"default","site-content-layout":"","ast-site-content-layout":"","site-content-style":"default","site-sidebar-style":"default","ast-global-header-display":"","ast-banner-title-visibility":"","ast-main-header-display":"","ast-hfb-above-header-display":"","ast-hfb-below-header-display":"","ast-hfb-mobile-header-display":"","site-post-title":"","ast-breadcrumbs-content":"","ast-featured-img":"","footer-sml-layout":"","theme-transparent-header-meta":"","adv-header-id-meta":"","stick-header-meta":"","header-above-stick-meta":"","header-main-stick-meta":"","header-below-stick-meta":"","astra-migrate-meta-layouts":"default","ast-page-background-enabled":"default","ast-page-background-meta":{"desktop":{"background-color":"var(--ast-global-color-4)","background-image":"","background-repeat":"repeat","background-position":"center center","background-size":"auto","background-attachment":"scroll","background-type":"","background-media":"","overlay-type":"","overlay-color":"","overlay-gradient":""},"tablet":{"background-color":"","background-image":"","background-repeat":"repeat","background-position":"center center","background-size":"auto","background-attachment":"scroll","background-type":"","background-media":"","overlay-type":"","overlay-color":"","overlay-gradient":""},"mobile":{"background-color":"","background-image":"","background-repeat":"repeat","background-position":"center center","background-size":"auto","background-attachment":"scroll","background-type":"","background-media":"","overlay-type":"","overlay-color":"","overlay-gradient":""}},"ast-content-background-meta":{"desktop":{"background-color":"var(--ast-global-color-5)","background-image":"","background-repeat":"repeat","background-position":"center center","background-size":"auto","background-attachment":"scroll","background-type":"","background-media":"","overlay-type":"","overlay-color":"","overlay-gradient":""},"tablet":{"background-color":"var(--ast-global-color-5)","background-image":"","background-repeat":"repeat","background-position":"center center","background-size":"auto","background-attachment":"scroll","background-type":"","background-media":"","overlay-type":"","overlay-color":"","overlay-gradient":""},"mobile":{"background-color":"var(--ast-global-color-5)","background-image":"","background-repeat":"repeat","background-position":"center center","background-size":"auto","background-attachment":"scroll","background-type":"","background-media":"","overlay-type":"","overlay-color":"","overlay-gradient":""}},"footnotes":""},"class_list":["post-944","page","type-page","status-publish","has-post-thumbnail","hentry"],"uagb_featured_image_src":{"full":false,"thumbnail":false,"medium":false,"medium_large":false,"large":false,"1536x1536":false,"2048x2048":false},"uagb_author_info":{"display_name":"admin","author_link":"https:\/\/www.frenchtechberlin.com\/de\/author\/admin\/"},"uagb_comment_info":0,"uagb_excerpt":"Sie sind noch kein Mitglied? Registrieren Sie sich hier kostenlos. Werden Sie Sponsor und helfen Sie uns bei der Organisation von Veranstaltungen: Online-Mittagsgespr\u00e4che, Konferenzen Networking-Veranstaltungen (Fr\u00fchst\u00fcck, Afterwork, Abendessen) Interviews (Video, Audio, Text) Patenschaft f\u00fcr French Tech Berlin f\u00fcr 1 Jahr : als Einzelperson: 24 \u20ac inklusive Mehrwertsteuer als Existenzgr\u00fcnder: 500 \u20ac + MwSt. als Unternehmen:&hellip;","_links":{"self":[{"href":"https:\/\/www.frenchtechberlin.com\/de\/wp-json\/wp\/v2\/pages\/944","targetHints":{"allow":["GET"]}}],"collection":[{"href":"https:\/\/www.frenchtechberlin.com\/de\/wp-json\/wp\/v2\/pages"}],"about":[{"href":"https:\/\/www.frenchtechberlin.com\/de\/wp-json\/wp\/v2\/types\/page"}],"author":[{"embeddable":true,"href":"https:\/\/www.frenchtechberlin.com\/de\/wp-json\/wp\/v2\/users\/1"}],"replies":[{"embeddable":true,"href":"https:\/\/www.frenchtechberlin.com\/de\/wp-json\/wp\/v2\/comments?post=944"}],"version-history":[{"count":0,"href":"https:\/\/www.frenchtechberlin.com\/de\/wp-json\/wp\/v2\/pages\/944\/revisions"}],"wp:featuredmedia":[{"embeddable":true,"href":"https:\/\/www.frenchtechberlin.com\/de\/wp-json\/wp\/v2\/pages\/945"}],"wp:attachment":[{"href":"https:\/\/www.frenchtechberlin.com\/de\/wp-json\/wp\/v2\/media?parent=944"}],"curies":[{"name":"wp","href":"https:\/\/api.w.org\/{rel}","templated":true}]}}