{"id":943,"date":"2022-03-11T08:21:07","date_gmt":"2022-03-11T08:21:07","guid":{"rendered":"https:\/\/www.frenchtechberlin.com\/politik-zum-datenschutz\/"},"modified":"2022-03-11T08:21:07","modified_gmt":"2022-03-11T08:21:07","slug":"politik-zum-datenschutz","status":"publish","type":"page","link":"https:\/\/www.frenchtechberlin.com\/de\/politik-zum-datenschutz\/","title":{"rendered":"Politik zum Datenschutz"},"content":{"rendered":"<p>Diese Datenschutzrichtlinie beschreibt die Praktiken der FRENCH TECH Berlin UG in Bezug auf den Schutz personenbezogener Daten, die auf ihrer Website gesammelt werden k\u00f6nnen.<\/p>\n<p><strong>Der Zweck der Verarbeitung personenbezogener Daten<\/strong><\/p>\n<p>Ihre personenbezogenen Daten werden nur dann erhoben und verarbeitet, wenn die Erhebung f\u00fcr die Durchf\u00fchrung der von FRENCH TECH Berlin angebotenen Dienstleistungen erforderlich ist. Wir erheben keine Daten zu Werbezwecken \u00fcber diese Website. Rechtsgrundlage f\u00fcr die Erhebung von Daten von Nicht-Mitgliedern ist die Einwilligung nach Art. 6 Abs. 1 lit. a DSGVO und f\u00fcr Anfragen von Mitgliedern und Veranstaltungsanmeldungen das Vertragsverh\u00e4ltnis nach Art. 6 Abs. 1 lit. b DSGVO.<\/p>\n<p>Ihre Zustimmung ist jedoch nicht erforderlich, wenn die Daten aufgrund eines Rechtsakts und\/oder zur Erf\u00fcllung einer Aufgabe im \u00f6ffentlichen Interesse oder durch eine Beh\u00f6rde erhoben werden.<\/p>\n<p>Empf\u00e4nger von Anfragen k\u00f6nnen Mitglieder, Mitglieder oder Mitarbeiter von Mitgliedern, Teilnehmer, Referenten, besuchte Institutionen und Interessenten sein.<\/p>\n<p>Ihre pers\u00f6nlichen Daten werden gesammelt:<\/p>\n<ul>\n<li>Wenn Sie das Formular ausf\u00fcllen und f\u00fcr jede Verwendung, machen Sie Gebrauch von der Website Dienstleistungen.<\/li>\n<li>Wenn Sie die Website besuchen, durch die Verwendung von allgemein gebr\u00e4uchlichen Instrumenten zur Informationserfassung, wie z. B. Cookies.<\/li>\n<li>Wenn Sie mit uns im Rahmen einer Veranstaltung kommunizieren und uns Ihre Daten \u00fcbermitteln.<\/li>\n<\/ul>\n<p>Die Daten, die von FRENCH TECH Berlin f\u00fcr die oben beschriebenen Zwecke erhoben und verarbeitet werden k\u00f6nnen, betreffen:<\/p>\n<ul>\n<li>Identifizierungsdaten (Name, Vorname, E-Mail, Telefonnummer, Firma, Position, ggf. Kopie des Personalausweises, zum Nachweis der Aus\u00fcbung eines Auskunfts-, Berichtigungs- oder Widerspruchsrechts oder zur Erf\u00fcllung einer rechtlichen Verpflichtung);<\/li>\n<li>Daten im Zusammenhang mit der Abwicklung unserer Gesch\u00e4ftsbeziehung (Informationen, Unterlagen);<\/li>\n<li>Verbindungs- und Cookie-Daten (IP-Adressen, Verbindungsprotokolle);<\/li>\n<\/ul>\n<p>W\u00e4hrend der von FRENCH TECH Berlin organisierten Veranstaltungen k\u00f6nnen Film- und Fotoaufnahmen gemacht werden. Diese Fotos und Filme k\u00f6nnen unentgeltlich verwendet werden. Die FRENCH TECH Berlin UG ist berechtigt, Fotos, die im Rahmen ihrer Veranstaltungen gemacht werden, zu speichern, zu vervielf\u00e4ltigen und der \u00d6ffentlichkeit zug\u00e4nglich zu machen, insbesondere im Internet, auf LinkedIn und auf Websites. Einzelpersonen haben die M\u00f6glichkeit, der Aufnahme von Fotos von sich selbst zu widersprechen<\/p>\n<p>Ihre Daten k\u00f6nnen von FRENCH TECH Berlin f\u00fcr explizite, legitime und spezifische Zwecke gesammelt werden, um:<\/p>\n<ul>\n<li>Um das ordnungsgem\u00e4\u00dfe Funktionieren und die Optimierung der Website und ihrer Funktionen zu gew\u00e4hrleisten;<\/li>\n<li>Verwaltung der Kontaktanfragen und des Verzeichnisses der Mitglieder von FRENCH TECH Berlin;<\/li>\n<li>Zur Ver\u00f6ffentlichung von Beitr\u00e4gen, die den Nutzern gewidmet sind;<\/li>\n<\/ul>\n<p>Die von FRENCH TECH Berlin erhobenen personenbezogenen Daten sind ausschlie\u00dflich f\u00fcr FRENCH TECH Berlin bestimmt und werden nicht an Dritte weitergegeben, \u00fcbertragen oder verkauft.<\/p>\n<p><strong>Dauer der Speicherung von personenbezogenen Daten<\/strong><\/p>\n<p>FRENCH TECH Berlin speichert Ihre pers\u00f6nlichen Daten f\u00fcr die Dauer unserer Beziehung und Zusammenarbeit und f\u00fcr einen Zeitraum von 3 Jahren nach Ihrer Abmeldung. Die Aufbewahrungsfrist kann in den F\u00e4llen verl\u00e4ngert werden, die in europ\u00e4ischen oder nationalen Rechtsvorschriften, in europ\u00e4ischen Verordnungen und\/oder in deutschen Gesetzen oder sonstigen Rechtsvorschriften, denen der f\u00fcr die Verarbeitung Verantwortliche unterliegt, vorgesehen sind.  <\/p>\n<p><strong>Die Rechte des Nutzers in Bezug auf seine pers\u00f6nlichen Daten<\/strong><\/p>\n<p>Nach dem Gesetz haben Sie das Recht :<\/p>\n<ul>\n<li>Sie k\u00f6nnen Ihre Einwilligung gem\u00e4\u00df Artikel 7 Absatz 3 der DSGVO jederzeit widerrufen. Infolgedessen k\u00f6nnen wir in Zukunft keine Daten mehr auf der Grundlage dieser Einwilligung verarbeiten;<\/li>\n<li>Um Informationen \u00fcber Ihre von uns erfassten personenbezogenen Daten gem\u00e4\u00df Artikel 15 GDPR anzufordern. Sie k\u00f6nnen insbesondere Auskunft \u00fcber die Zwecke der Verarbeitung, die Kategorie der personenbezogenen Daten, die Kategorien von Empf\u00e4ngern, an die Ihre Daten weitergegeben wurden oder werden, die vorgesehene Speicherdauer, das Bestehen eines Rechts auf Berichtigung, L\u00f6schung, Einschr\u00e4nkung der Verarbeitung oder Widerspruch, das Bestehen eines Beschwerderechts, die Herkunft Ihrer Daten, sofern sie uns nicht bekannt gegeben wurden, sowie das Bestehen einer automatisierten Entscheidungsfindung, einschlie\u00dflich Profiling, und gegebenenfalls einschl\u00e4gige Informationen \u00fcber diese Daten verlangen;<\/li>\n<li>die unverz\u00fcgliche Berichtigung Ihrer Daten gem\u00e4\u00df Artikel 16 GDPR zu verlangen, wenn diese unrichtig oder unvollst\u00e4ndig sind;<\/li>\n<li>die L\u00f6schung Ihrer bei uns gespeicherten personenbezogenen Daten gem\u00e4\u00df Artikel 17 DSGVO zu verlangen, es sei denn, die Verarbeitung ist f\u00fcr die Aus\u00fcbung des Rechts auf freie Meinungs\u00e4u\u00dferung und Information, f\u00fcr die Erf\u00fcllung einer rechtlichen Verpflichtung, f\u00fcr das \u00f6ffentliche Interesse oder f\u00fcr die Geltendmachung, Aus\u00fcbung oder Verteidigung von Rechtsanspr\u00fcchen erforderlich;<\/li>\n<li>die Einschr\u00e4nkung der Verarbeitung Ihrer personenbezogenen Daten gem\u00e4\u00df Artikel 18 DSGVO zu beantragen, wenn Sie die Richtigkeit der Daten bestreiten, wenn die Verarbeitung unrechtm\u00e4\u00dfig ist, Sie aber ihre L\u00f6schung ablehnen und wir sie nicht mehr ben\u00f6tigen, Sie sie aber zur Geltendmachung, Aus\u00fcbung oder Verteidigung Ihrer Rechte ben\u00f6tigen oder Sie gem\u00e4\u00df Artikel 21 DSGVO Widerspruch gegen die Verarbeitung eingelegt haben;<\/li>\n<li>die personenbezogenen Daten, die Sie uns zur Verf\u00fcgung gestellt haben, in einem strukturierten, g\u00e4ngigen und maschinenlesbaren Format zu erhalten oder deren \u00dcbermittlung an einen anderen Verantwortlichen gem\u00e4\u00df Artikel 20 GDPR zu verlangen;<\/li>\n<li>Einreichung einer Beschwerde bei einer Aufsichtsbeh\u00f6rde gem\u00e4\u00df Artikel 77 DSGVO. In der Regel k\u00f6nnen Sie sich an die Aufsichtsbeh\u00f6rde an Ihrem \u00fcblichen Wohn- oder Arbeitsort oder in unserem B\u00fcro wenden.<\/li>\n<\/ul>\n<p>Sie k\u00f6nnen diese Rechte aus\u00fcben, indem Sie eine E-Mail an ___ senden oder einen Brief an ____ mit Ihren Kontaktdaten (Name, Vorname, Adresse und eine Kopie eines unterzeichneten Ausweises) und einem berechtigten Grund, sofern dies gesetzlich vorgeschrieben ist (insbesondere im Falle eines Widerspruchs gegen die Verarbeitung).<\/p>\n<p>Wenn Sie keine Benachrichtigungen von FRENCH TECH Berlin mehr erhalten m\u00f6chten, k\u00f6nnen Sie dies ebenfalls unter den oben genannten Adressen anfordern.<\/p>\n<p><strong>Cookies<\/strong><\/p>\n<p>Cookies sind kleine Textdateien, die vom Webbrowser auf Ihrer Festplatte oder dem Ger\u00e4t, mit dem Sie die Website besuchen, gespeichert werden und die dazu dienen, Informationen \u00fcber Ihren Besuch auf der Website oder \u00fcber Ihre Reise durch die Website aufzuzeichnen. Sie enthalten keine personenbezogenen Daten. Sie dienen insbesondere dazu, Ihre Kennungen auf der Website von FRENCH TECH Berlin oder Ihre Pr\u00e4ferenzen zu speichern, um dem Herausgeber und seinen Partnern Informationen f\u00fcr statistische oder Werbezwecke zur Verf\u00fcgung zu stellen.<\/p>\n<p>FRENCH TECH Berlin kann Cookies f\u00fcr die folgenden Zwecke verwenden<\/p>\n<ul>\n<li>Erm\u00f6glichung des ordnungsgem\u00e4\u00dfen Funktionierens der Website, z. B. durch die M\u00f6glichkeit, Informationen abzurufen, wenn sich die Nutzer erneut auf der Website von FRENCH TECH Berlin anmelden.<\/li>\n<li>Betrugsbek\u00e4mpfung durch \u00dcberwachung des Anmeldestatus der Benutzer.<\/li>\n<li>Zur Messung und Analyse der Aktivit\u00e4ten auf der Website und der Nutzung der auf der Website angebotenen Dienste. Diese Analyse hilft FRENCH TECH Berlin, ihre Dienste zu verbessern, und zwar auf der Grundlage von Parametern wie der Anzahl der Nutzer, die die Dienste besuchen oder nutzen, der besuchten Seiten, der Tatsache, ob es sich um neue oder wiederkehrende Besucher handelt, der Merkmale und Inhalte der Dienste, die die Besucher am meisten interessieren, und der Art und Weise, wie die Dienste aus technischer Sicht funktionieren. Nur nicht pers\u00f6nlich identifizierbare Daten d\u00fcrfen an Dritte weitergegeben werden.<\/li>\n<li>Zur Speicherung von Informationen, um dem Nutzer personalisierte, auf seine Interessen zugeschnittene Werbung zukommen zu lassen.<\/li>\n<\/ul>\n<p>Die zu Ihrer Identifizierung gespeicherten Daten werden zu statistischen Zwecken nicht l\u00e4nger als sechs (6) Monate aufbewahrt. Nach Ablauf dieser Frist werden die mit einer Kennung verbundenen Verkehrsrohdaten entweder gel\u00f6scht oder anonymisiert.<\/p>\n<p>Weitere Informationen \u00fcber Tools zur Kontrolle von Cookies finden Sie auf den folgenden Websites:<\/p>\n<ul>\n<li><a href=\"https:\/\/www.cnil.fr\/fr\/cookies-les-outils-pour-les-maitriser#c5554\">https:\/\/www.cnil.fr\/fr\/cookies-les-outils-pour-les-maitriser#c5554<\/a><\/li>\n<li><a href=\"https:\/\/www.allaboutcookies.org\/fr\/\">https:\/\/www.allaboutcookies.org\/fr\/<\/a><\/li>\n<\/ul>\n<p>Jeder Browser hat eine andere Konfiguration f\u00fcr die Verwaltung von Cookies. Dies wird im Hilfemen\u00fc des Browsers beschrieben, das Ihnen zeigt, wie Sie Ihre Cookie-Einstellungen \u00e4ndern k\u00f6nnen:<\/p>\n<ul>\n<li>F\u00fcr Internet Explorer\u2122: https:<a href=\"https:\/\/support.microsoft.com\/fr-fr\/windows\/supprimer-et-g%C3%A9rer-les-cookies-168dab11-0753-043d-7c16-ede5947fc64d\"> \/\/support.microsoft.com\/fr-fr\/windows\/supprimer-et-g%C3%A9rer-les-cookies-168dab11-0753-043d-7c16-ede5947fc64d<\/a><\/li>\n<li>F\u00fcr Safari\u2122 :<a href=\"https:\/\/support.apple.com\/fr-fr\/guide\/safari\/sfri11471\/mac\"> https:\/\/support.apple.com\/fr-fr\/guide\/safari\/sfri11471\/mac<\/a><\/li>\n<li>F\u00fcr Chrome\u2122: https:<a href=\"https:\/\/support.google.com\/chrome\/answer\/95647?hl=fr&amp;hlrm=en\"> \/\/support.google.com\/chrome\/answer\/95647?hl=fr&amp;hlrm=en<\/a><\/li>\n<li>F\u00fcr Firefox\u2122 :<a href=\"https:\/\/support.mozilla.org\/fr\/kb\/protection-renforcee-contre-pistage-firefox-ordinateur?redirectlocale=fr&amp;redirectslug=activer-desactiver-cookies-preferences\"> https:\/\/support.mozilla.org\/fr\/kb\/protection-renforcee-contre-pistage-firefox-ordinateur?redirectlocale=fr&amp;redirectslug=activer-desactiver-cookies-preferences<\/a><\/li>\n<li>F\u00fcr Opera\u2122 :<a href=\"https:\/\/www.accepterlescookies.com\/comment-accepter-les-cookies-sur-opera.html\"> https:\/\/www.accepterlescookies.com\/comment-accepter-les-cookies-sur-opera.html<\/a><\/li>\n<\/ul>\n<p>Wenn Sie nicht m\u00f6chten, dass Google Analytics Ihren Besuch im Internet verfolgt, k\u00f6nnen Sie Ihre Einstellungen entsprechend den Anweisungen auf dieser Website vornehmen:<a href=\"https:\/\/tools.google.com\/dlpage\/gaoptout?hl=fr\"> https:\/\/tools.google.com\/dlpage\/gaoptout?hl=fr.<\/a><\/p>\n","protected":false},"excerpt":{"rendered":"<p>Diese Datenschutzrichtlinie beschreibt die Praktiken der FRENCH TECH Berlin UG in Bezug auf den Schutz personenbezogener Daten, die auf ihrer Website gesammelt werden k\u00f6nnen. Der Zweck der Verarbeitung personenbezogener Daten Ihre personenbezogenen Daten werden nur dann erhoben und verarbeitet, wenn die Erhebung f\u00fcr die Durchf\u00fchrung der von FRENCH TECH Berlin angebotenen Dienstleistungen erforderlich ist. Wir [&hellip;]<\/p>\n","protected":false},"author":1,"featured_media":938,"parent":0,"menu_order":0,"comment_status":"closed","ping_status":"closed","template":"","meta":{"_uag_custom_page_level_css":"","site-sidebar-layout":"default","site-content-layout":"","ast-site-content-layout":"","site-content-style":"default","site-sidebar-style":"default","ast-global-header-display":"","ast-banner-title-visibility":"","ast-main-header-display":"","ast-hfb-above-header-display":"","ast-hfb-below-header-display":"","ast-hfb-mobile-header-display":"","site-post-title":"","ast-breadcrumbs-content":"","ast-featured-img":"","footer-sml-layout":"","theme-transparent-header-meta":"","adv-header-id-meta":"","stick-header-meta":"","header-above-stick-meta":"","header-main-stick-meta":"","header-below-stick-meta":"","astra-migrate-meta-layouts":"default","ast-page-background-enabled":"default","ast-page-background-meta":{"desktop":{"background-color":"var(--ast-global-color-4)","background-image":"","background-repeat":"repeat","background-position":"center center","background-size":"auto","background-attachment":"scroll","background-type":"","background-media":"","overlay-type":"","overlay-color":"","overlay-gradient":""},"tablet":{"background-color":"","background-image":"","background-repeat":"repeat","background-position":"center center","background-size":"auto","background-attachment":"scroll","background-type":"","background-media":"","overlay-type":"","overlay-color":"","overlay-gradient":""},"mobile":{"background-color":"","background-image":"","background-repeat":"repeat","background-position":"center center","background-size":"auto","background-attachment":"scroll","background-type":"","background-media":"","overlay-type":"","overlay-color":"","overlay-gradient":""}},"ast-content-background-meta":{"desktop":{"background-color":"var(--ast-global-color-5)","background-image":"","background-repeat":"repeat","background-position":"center center","background-size":"auto","background-attachment":"scroll","background-type":"","background-media":"","overlay-type":"","overlay-color":"","overlay-gradient":""},"tablet":{"background-color":"var(--ast-global-color-5)","background-image":"","background-repeat":"repeat","background-position":"center center","background-size":"auto","background-attachment":"scroll","background-type":"","background-media":"","overlay-type":"","overlay-color":"","overlay-gradient":""},"mobile":{"background-color":"var(--ast-global-color-5)","background-image":"","background-repeat":"repeat","background-position":"center center","background-size":"auto","background-attachment":"scroll","background-type":"","background-media":"","overlay-type":"","overlay-color":"","overlay-gradient":""}},"footnotes":""},"class_list":["post-943","page","type-page","status-publish","has-post-thumbnail","hentry"],"uagb_featured_image_src":{"full":false,"thumbnail":false,"medium":false,"medium_large":false,"large":false,"1536x1536":false,"2048x2048":false},"uagb_author_info":{"display_name":"admin","author_link":"https:\/\/www.frenchtechberlin.com\/de\/author\/admin\/"},"uagb_comment_info":0,"uagb_excerpt":"Diese Datenschutzrichtlinie beschreibt die Praktiken der FRENCH TECH Berlin UG in Bezug auf den Schutz personenbezogener Daten, die auf ihrer Website gesammelt werden k\u00f6nnen. Der Zweck der Verarbeitung personenbezogener Daten Ihre personenbezogenen Daten werden nur dann erhoben und verarbeitet, wenn die Erhebung f\u00fcr die Durchf\u00fchrung der von FRENCH TECH Berlin angebotenen Dienstleistungen erforderlich ist. Wir&hellip;","_links":{"self":[{"href":"https:\/\/www.frenchtechberlin.com\/de\/wp-json\/wp\/v2\/pages\/943","targetHints":{"allow":["GET"]}}],"collection":[{"href":"https:\/\/www.frenchtechberlin.com\/de\/wp-json\/wp\/v2\/pages"}],"about":[{"href":"https:\/\/www.frenchtechberlin.com\/de\/wp-json\/wp\/v2\/types\/page"}],"author":[{"embeddable":true,"href":"https:\/\/www.frenchtechberlin.com\/de\/wp-json\/wp\/v2\/users\/1"}],"replies":[{"embeddable":true,"href":"https:\/\/www.frenchtechberlin.com\/de\/wp-json\/wp\/v2\/comments?post=943"}],"version-history":[{"count":0,"href":"https:\/\/www.frenchtechberlin.com\/de\/wp-json\/wp\/v2\/pages\/943\/revisions"}],"wp:featuredmedia":[{"embeddable":true,"href":"https:\/\/www.frenchtechberlin.com\/de\/wp-json\/wp\/v2\/pages\/938"}],"wp:attachment":[{"href":"https:\/\/www.frenchtechberlin.com\/de\/wp-json\/wp\/v2\/media?parent=943"}],"curies":[{"name":"wp","href":"https:\/\/api.w.org\/{rel}","templated":true}]}}